{"id":11565,"date":"2023-08-24T11:22:56","date_gmt":"2023-08-24T09:22:56","guid":{"rendered":"https:\/\/rauschert.com\/product-area\/ignition-systems-heating-elements\/metallflachheizer-hochtemperaturheizer\/"},"modified":"2023-12-04T10:30:00","modified_gmt":"2023-12-04T09:30:00","slug":"metal-flat-heater","status":"publish","type":"page","link":"https:\/\/rauschert.com\/en\/product-area\/ignition-systems-heating-elements\/products\/metal-flat-heater\/","title":{"rendered":"Metal flat heater"},"content":{"rendered":"<p><span style=\"font-size: 18pt; color: #ff9900;\">High Temperatures &#8211; right where they are needed.<br \/>\n<\/span><\/p>\n<div class=\"flex flex-grow flex-col gap-3 max-w-full\">\n<div class=\"min-h-[20px] flex flex-col items-start gap-3 overflow-x-auto whitespace-pre-wrap break-words\">\n<div class=\"markdown prose w-full break-words dark:prose-invert light\">\n<p>Metal flat heaters, designed for use in the temperature range up to 500\u00b0C, can be rapidly heated up and cooled down nearly as quickly as desired due to their robust construction and resistance to thermal shock*, without suffering any damage.<\/p>\n<p>For higher temperatures of up to 1100\u00b0C our <a href=\"https:\/\/rauschert.com\/produktbereiche\/zuendsysteme-heizelemente\/produkte\/hochtemperatur-heizer\/\">high-temperature ceramic heaters <\/a>are used.<\/p>\n<p><span style=\"font-size: 10pt;\">* Thermal shock refers to the destruction of a solid object due to rapid heating or cooling, as the resulting stresses in the material cannot be absorbed or dissipated quickly enough. The result is the failure of the component through fracture or bursting.<\/span><\/p>\n<\/div>\n<\/div>\n<\/div>\n<p>&nbsp;<\/p>\n<p><img loading=\"lazy\" decoding=\"async\" class=\"alignnone size-medium wp-image-11443\" src=\"http:\/\/rauschert.com\/wp-content\/uploads\/2023\/07\/Rauschert_Glauche_Finamedia_36_mit-Logo_alleine_120123_kl_bearb-e1690190840501-300x184.jpg\" alt=\"\" width=\"300\" height=\"184\" srcset=\"https:\/\/rauschert.com\/wp-content\/uploads\/2023\/07\/Rauschert_Glauche_Finamedia_36_mit-Logo_alleine_120123_kl_bearb-e1690190840501-300x184.jpg 300w, https:\/\/rauschert.com\/wp-content\/uploads\/2023\/07\/Rauschert_Glauche_Finamedia_36_mit-Logo_alleine_120123_kl_bearb-e1690190840501-1024x628.jpg 1024w, https:\/\/rauschert.com\/wp-content\/uploads\/2023\/07\/Rauschert_Glauche_Finamedia_36_mit-Logo_alleine_120123_kl_bearb-e1690190840501-768x471.jpg 768w, https:\/\/rauschert.com\/wp-content\/uploads\/2023\/07\/Rauschert_Glauche_Finamedia_36_mit-Logo_alleine_120123_kl_bearb-e1690190840501-1200x736.jpg 1200w, https:\/\/rauschert.com\/wp-content\/uploads\/2023\/07\/Rauschert_Glauche_Finamedia_36_mit-Logo_alleine_120123_kl_bearb-e1690190840501.jpg 1346w\" sizes=\"(max-width: 300px) 100vw, 300px\" \/><\/p>\n<p>&nbsp;<\/p>\n<p><span style=\"font-size: 18pt; color: #ff9900;\">Basic structure of a metal flat heater<br \/>\n<\/span><\/p>\n<p><img loading=\"lazy\" decoding=\"async\" class=\"wp-image-11367 size-medium alignleft\" src=\"http:\/\/rauschert.com\/wp-content\/uploads\/2023\/07\/TK_Produkte_Metallflachheizer_Aufbau-218x300.png\" alt=\"\" width=\"218\" height=\"300\" srcset=\"https:\/\/rauschert.com\/wp-content\/uploads\/2023\/07\/TK_Produkte_Metallflachheizer_Aufbau-218x300.png 218w, https:\/\/rauschert.com\/wp-content\/uploads\/2023\/07\/TK_Produkte_Metallflachheizer_Aufbau.png 510w\" sizes=\"(max-width: 218px) 100vw, 218px\" \/><\/p>\n<p>&nbsp;<\/p>\n<div class=\"flex flex-grow flex-col gap-3 max-w-full\">\n<div class=\"min-h-[20px] flex flex-col items-start gap-3 overflow-x-auto whitespace-pre-wrap break-words\">\n<div class=\"markdown prose w-full break-words dark:prose-invert light\">\n<p>Metal flat heaters are manufactured using the so-called thick-film process. Multiple layers with various functions are applied to a metallic substrate using screen printing.<\/p>\n<p>In addition to standardized solutions, our stainless steel substrates can also be custom-made and printed according to individual customer specifications. The conductive path is designed by our highly motivated team based on the desired performance data and tailored to the heater&#8217;s geometry. Custom solutions such as the precise integration of sensors are faithfully implemented from single pieces to large-scale production.<\/p>\n<\/div>\n<\/div>\n<\/div>\n<p>&nbsp;<\/p>\n<p>&nbsp;<\/p>\n<p>&nbsp;<\/p>\n<p>Cleanroom manufacturing, from substrate preparation to soldering the contacts, ensures the highest quality standards. The result is a durable and light-weight resistance heater with high energy efficiency. Our commitment to quality is completed by a functional test.<\/p>\n<p><img loading=\"lazy\" decoding=\"async\" class=\"alignnone size-medium wp-image-11385\" src=\"http:\/\/rauschert.com\/wp-content\/uploads\/2017\/12\/Rauschert_Glauche_Finamedia_36_mit-Logo_191222_kl_bearbeitet-300x184.jpg\" alt=\"\" width=\"300\" height=\"184\" srcset=\"https:\/\/rauschert.com\/wp-content\/uploads\/2017\/12\/Rauschert_Glauche_Finamedia_36_mit-Logo_191222_kl_bearbeitet-300x184.jpg 300w, https:\/\/rauschert.com\/wp-content\/uploads\/2017\/12\/Rauschert_Glauche_Finamedia_36_mit-Logo_191222_kl_bearbeitet-1024x628.jpg 1024w, https:\/\/rauschert.com\/wp-content\/uploads\/2017\/12\/Rauschert_Glauche_Finamedia_36_mit-Logo_191222_kl_bearbeitet-768x471.jpg 768w, https:\/\/rauschert.com\/wp-content\/uploads\/2017\/12\/Rauschert_Glauche_Finamedia_36_mit-Logo_191222_kl_bearbeitet-1536x942.jpg 1536w, https:\/\/rauschert.com\/wp-content\/uploads\/2017\/12\/Rauschert_Glauche_Finamedia_36_mit-Logo_191222_kl_bearbeitet-2048x1256.jpg 2048w, https:\/\/rauschert.com\/wp-content\/uploads\/2017\/12\/Rauschert_Glauche_Finamedia_36_mit-Logo_191222_kl_bearbeitet-1200x736.jpg 1200w\" sizes=\"(max-width: 300px) 100vw, 300px\" \/><\/p>\n<p><span style=\"color: #ff6600; font-size: 18pt;\">Overview of technical features<\/span><\/p>\n<p>&nbsp;<\/p>\n<table style=\"width: 82.4942%; height: 336px;\" border=\"0\">\n<tbody>\n<tr style=\"border-style: inset; border-color: #000000;\">\n<td style=\"width: 35.1499%; height: 24px; border-style: solid; border-color: #888888;\"><\/td>\n<td style=\"width: 63.7602%; height: 24px; border-style: solid; border-color: #888888;\"><strong>Specification<\/strong><\/td>\n<\/tr>\n<tr style=\"border-style: inset; border-color: #000000;\">\n<td style=\"width: 35.1499%; height: 24px; border-style: solid; border-color: #888888;\">Substrat<\/td>\n<td style=\"width: 63.7602%; height: 24px; border-style: solid; border-color: #888888;\">Stainless steel 1.4016<\/td>\n<\/tr>\n<tr style=\"border-style: inset; border-color: #000000;\">\n<td style=\"width: 35.1499%; height: 24px; border-style: solid; border-color: #888888;\">Substrate Thickness<\/td>\n<td style=\"width: 63.7602%; height: 24px; border-style: solid; border-color: #888888;\">1-1.5 mm, higher layer thickness possible<\/td>\n<\/tr>\n<tr style=\"border-style: inset; border-color: #000000;\">\n<td style=\"width: 35.1499%; height: 24px; border-style: solid; border-color: #888888;\">Dimensions<\/td>\n<td style=\"width: 63.7602%; height: 24px; border-style: solid; border-color: #888888;\">Up to 150 x 150 mm<\/td>\n<\/tr>\n<tr style=\"border-style: inset; border-color: #000000;\">\n<td style=\"width: 35.1499%; height: 24px; border-style: solid; border-color: #888888;\">Power<\/td>\n<td style=\"width: 63.7602%; height: 24px; border-style: solid; border-color: #888888;\">25-800 Watts (free in still air)<\/td>\n<\/tr>\n<tr style=\"border-style: inset; border-color: #000000;\">\n<td style=\"width: 35.1499%; height: 24px; border-style: solid; border-color: #888888;\">Operating voltage<\/td>\n<td style=\"width: 63.7602%; height: 24px; border-style: solid; border-color: #888888;\">24-230 V<\/td>\n<\/tr>\n<tr style=\"border-style: inset; border-color: #000000;\">\n<td style=\"width: 35.1499%; height: 24px; border-style: solid; border-color: #888888;\">Temperature range<\/td>\n<td style=\"width: 63.7602%; height: 24px; border-style: solid; border-color: #888888;\">450\u00b0C \u2013 500\u00b0C, continuous; 550\u00b0C, short-term<\/td>\n<\/tr>\n<tr style=\"border-style: inset; border-color: #000000;\">\n<td style=\"width: 35.1499%; height: 24px; border-style: solid; border-color: #888888;\">Continuous operation lifespan<\/td>\n<td style=\"width: 63.7602%; height: 24px; border-style: solid; border-color: #888888;\">&gt; 8000 hours (20\u00b0C; 50% relative humidity; clean room)<\/td>\n<\/tr>\n<tr style=\"border-style: inset; border-color: #000000;\">\n<td style=\"width: 35.1499%; height: 48px; border-style: solid; border-color: #888888;\">Resistance-temperature behavior<\/td>\n<td style=\"width: 63.7602%; height: 48px; border-style: solid; border-color: #888888;\">Almost linear PTC behavior (positive temperature coefficient)*<\/td>\n<\/tr>\n<tr style=\"border-style: inset; border-color: #000000;\">\n<td style=\"width: 35.1499%; height: 24px; border-style: solid; border-color: #888888;\">Temperature control<\/td>\n<td style=\"width: 63.7602%; height: 24px; border-style: solid; border-color: #888888;\">Voltage<\/td>\n<\/tr>\n<tr style=\"border-style: inset; border-color: #000000;\">\n<td style=\"width: 35.1499%; height: 24px; border-style: solid; border-color: #888888;\">Contacting methods<\/td>\n<td style=\"width: 63.7602%; height: 24px; border-style: solid; border-color: #888888;\">Soldering pads, tabs, wire and other methods possible<\/td>\n<\/tr>\n<tr style=\"border-style: inset; border-color: #000000;\">\n<td style=\"width: 35.1499%; height: 24px; border-style: solid; border-color: #888888;\">Contacting material<\/td>\n<td style=\"width: 63.7602%; height: 24px; border-style: solid; border-color: #888888;\">Silver<\/td>\n<\/tr>\n<tr style=\"border-style: inset; border-color: #000000;\">\n<td style=\"width: 35.1499%; height: 24px; border-style: solid; border-color: #888888;\">Mounting Fastening<\/td>\n<td style=\"width: 63.7602%; height: 24px; border-style: solid; border-color: #888888;\">Screws, laser welding, soldering<\/td>\n<\/tr>\n<\/tbody>\n<\/table>\n<p><span style=\"font-size: 10pt;\">* PTC: positive temperature coefficient. As the temperature increases, the resistance also increases, thus regulating the flow of current. The heater&#8217;s temperature is autonomously regulated by this effect.<br \/>\n<\/span><\/p>\n<p>&nbsp;<\/p>\n<p><span style=\"color: #ff6600; font-size: 18pt;\">Mounting options<br \/>\n<\/span><\/p>\n<p><div class=\"row\"><\/div><div class=\"col s12 m4\"><\/p>\n<div id=\"attachment_11391\" style=\"width: 237px\" class=\"wp-caption alignnone\"><img loading=\"lazy\" decoding=\"async\" aria-describedby=\"caption-attachment-11391\" class=\"wp-image-11391\" src=\"http:\/\/rauschert.com\/wp-content\/uploads\/2017\/12\/Metallflachheizer-300x231.png\" alt=\"\" width=\"227\" height=\"190\" \/><p id=\"caption-attachment-11391\" class=\"wp-caption-text\">Fastening points through solder joints, weld joints, and eyelets<\/p><\/div>\n<p><\/div><\/p>\n<div class=\"col s12 m4\"><\/p>\n<p><div id=\"attachment_11397\" style=\"width: 200px\" class=\"wp-caption alignnone\"><img loading=\"lazy\" decoding=\"async\" aria-describedby=\"caption-attachment-11397\" class=\"wp-image-11397\" src=\"http:\/\/rauschert.com\/wp-content\/uploads\/2017\/12\/Rauschert_Glauche_Finamedia_37_mit-Logo_191222_gr_bearbeitet-scaled-e1694597932796-300x207.jpg\" alt=\"\" width=\"190\" height=\"190\" \/><p id=\"caption-attachment-11397\" class=\"wp-caption-text\">contact solutions<\/p><\/div><\/p>\n<p><\/div>\n<div class=\"col s12 m4\"><\/p>\n<p><div id=\"attachment_11416\" style=\"width: 319px\" class=\"wp-caption alignnone\"><img loading=\"lazy\" decoding=\"async\" aria-describedby=\"caption-attachment-11416\" class=\"wp-image-11416\" src=\"http:\/\/rauschert.com\/wp-content\/uploads\/2023\/07\/Metallflachheizer_2-300x184.png\" alt=\"\" width=\"309\" height=\"190\" srcset=\"https:\/\/rauschert.com\/wp-content\/uploads\/2023\/07\/Metallflachheizer_2-300x184.png 300w, https:\/\/rauschert.com\/wp-content\/uploads\/2023\/07\/Metallflachheizer_2-768x472.png 768w, https:\/\/rauschert.com\/wp-content\/uploads\/2023\/07\/Metallflachheizer_2.png 1005w\" sizes=\"(max-width: 309px) 100vw, 309px\" \/><p id=\"caption-attachment-11416\" class=\"wp-caption-text\">Mechanical protection as well as electrical and thermal insulation in one &#8211; Mica sheet made of micanite<\/p><\/div><\/p>\n<p><\/div>\n<p>&nbsp;<\/p>\n<div class=\"flex flex-grow flex-col gap-3 max-w-full\">\n<div class=\"min-h-[20px] flex flex-col items-start gap-3 overflow-x-auto whitespace-pre-wrap break-words\">\n<div class=\"markdown prose w-full break-words dark:prose-invert light\">\n<p>Securing the heaters with screws carries the risk of mechanical damage to the functional layers of the heater. To evenly distribute the forces occurring during the screwing and to prevent a short circuit from the fastening to the heater, a micanite mica sheet is commonly used as a standard. This serves as mechanical protection and simultaneously guards against one-sided radiation from the side facing away from the body to be heated.<\/p>\n<\/div>\n<\/div>\n<\/div>\n<p>&nbsp;<\/p>\n","protected":false},"excerpt":{"rendered":"<p>High Temperatures &#8211; right where they are needed. Metal flat heaters, designed for use in the temperature range up to 500\u00b0C, can be rapidly heated up and cooled down nearly as quickly as desired due to their robust construction and resistance to thermal shock*, without suffering any damage. For higher temperatures of up to 1100\u00b0C [&hellip;]<\/p>\n","protected":false},"author":10,"featured_media":0,"parent":3424,"menu_order":0,"comment_status":"closed","ping_status":"closed","template":"template-product.php","meta":{"footnotes":""},"class_list":["post-11565","page","type-page","status-publish","hentry"],"acf":[],"yoast_head":"<!-- This site is optimized with the Yoast SEO plugin v23.4 - https:\/\/yoast.com\/wordpress\/plugins\/seo\/ -->\n<title>Metal flat heater - Rauschert<\/title>\n<meta name=\"description\" content=\"Metallflachheizer, ein Hybrid aus Metall, Keramik und Glas, kommen dort zum Einsatz wo schnelle punktuelle oder fl\u00e4chige Erw\u00e4rmung, ein robustes Design mit hohen Heiz- und K\u00fchlraten und ein exzellentes Preis-Leistungsverh\u00e4ltnis gefordert sind. Anwendungsgebiete sind der Verpackungsbereich, der Automobilsektor sowie die industrielle Umformtechnik, die Analytik und andere mehr.\" \/>\n<meta name=\"robots\" content=\"index, follow, max-snippet:-1, max-image-preview:large, max-video-preview:-1\" \/>\n<link rel=\"canonical\" href=\"https:\/\/rauschert.com\/en\/product-area\/ignition-systems-heating-elements\/products\/metal-flat-heater\/\" \/>\n<meta property=\"og:locale\" content=\"en_US\" \/>\n<meta property=\"og:type\" content=\"article\" \/>\n<meta property=\"og:title\" content=\"Metal flat heater - Rauschert\" \/>\n<meta property=\"og:description\" content=\"Metallflachheizer, ein Hybrid aus Metall, Keramik und Glas, kommen dort zum Einsatz wo schnelle punktuelle oder fl\u00e4chige Erw\u00e4rmung, ein robustes Design mit hohen Heiz- und K\u00fchlraten und ein exzellentes Preis-Leistungsverh\u00e4ltnis gefordert sind. Anwendungsgebiete sind der Verpackungsbereich, der Automobilsektor sowie die industrielle Umformtechnik, die Analytik und andere mehr.\" \/>\n<meta property=\"og:url\" content=\"https:\/\/rauschert.com\/en\/product-area\/ignition-systems-heating-elements\/products\/metal-flat-heater\/\" \/>\n<meta property=\"og:site_name\" content=\"Rauschert\" \/>\n<meta property=\"article:modified_time\" content=\"2023-12-04T09:30:00+00:00\" \/>\n<meta property=\"og:image\" content=\"http:\/\/rauschert.com\/wp-content\/uploads\/2023\/07\/Rauschert_Glauche_Finamedia_36_mit-Logo_alleine_120123_kl_bearb-e1690190840501-300x184.jpg\" \/>\n<meta name=\"twitter:card\" content=\"summary_large_image\" \/>\n<meta name=\"twitter:label1\" content=\"Est. reading time\" \/>\n\t<meta name=\"twitter:data1\" content=\"4 minutes\" \/>\n<script type=\"application\/ld+json\" class=\"yoast-schema-graph\">{\"@context\":\"https:\/\/schema.org\",\"@graph\":[{\"@type\":\"WebPage\",\"@id\":\"https:\/\/rauschert.com\/en\/product-area\/ignition-systems-heating-elements\/products\/metal-flat-heater\/\",\"url\":\"https:\/\/rauschert.com\/en\/product-area\/ignition-systems-heating-elements\/products\/metal-flat-heater\/\",\"name\":\"Metal flat heater - Rauschert\",\"isPartOf\":{\"@id\":\"https:\/\/rauschert.com\/en\/#website\"},\"primaryImageOfPage\":{\"@id\":\"https:\/\/rauschert.com\/en\/product-area\/ignition-systems-heating-elements\/products\/metal-flat-heater\/#primaryimage\"},\"image\":{\"@id\":\"https:\/\/rauschert.com\/en\/product-area\/ignition-systems-heating-elements\/products\/metal-flat-heater\/#primaryimage\"},\"thumbnailUrl\":\"http:\/\/rauschert.com\/wp-content\/uploads\/2023\/07\/Rauschert_Glauche_Finamedia_36_mit-Logo_alleine_120123_kl_bearb-e1690190840501-300x184.jpg\",\"datePublished\":\"2023-08-24T09:22:56+00:00\",\"dateModified\":\"2023-12-04T09:30:00+00:00\",\"description\":\"Metallflachheizer, ein Hybrid aus Metall, Keramik und Glas, kommen dort zum Einsatz wo schnelle punktuelle oder fl\u00e4chige Erw\u00e4rmung, ein robustes Design mit hohen Heiz- und K\u00fchlraten und ein exzellentes Preis-Leistungsverh\u00e4ltnis gefordert sind. Anwendungsgebiete sind der Verpackungsbereich, der Automobilsektor sowie die industrielle Umformtechnik, die Analytik und andere mehr.\",\"breadcrumb\":{\"@id\":\"https:\/\/rauschert.com\/en\/product-area\/ignition-systems-heating-elements\/products\/metal-flat-heater\/#breadcrumb\"},\"inLanguage\":\"en-US\",\"potentialAction\":[{\"@type\":\"ReadAction\",\"target\":[\"https:\/\/rauschert.com\/en\/product-area\/ignition-systems-heating-elements\/products\/metal-flat-heater\/\"]}]},{\"@type\":\"ImageObject\",\"inLanguage\":\"en-US\",\"@id\":\"https:\/\/rauschert.com\/en\/product-area\/ignition-systems-heating-elements\/products\/metal-flat-heater\/#primaryimage\",\"url\":\"http:\/\/rauschert.com\/wp-content\/uploads\/2023\/07\/Rauschert_Glauche_Finamedia_36_mit-Logo_alleine_120123_kl_bearb-e1690190840501-300x184.jpg\",\"contentUrl\":\"http:\/\/rauschert.com\/wp-content\/uploads\/2023\/07\/Rauschert_Glauche_Finamedia_36_mit-Logo_alleine_120123_kl_bearb-e1690190840501-300x184.jpg\"},{\"@type\":\"BreadcrumbList\",\"@id\":\"https:\/\/rauschert.com\/en\/product-area\/ignition-systems-heating-elements\/products\/metal-flat-heater\/#breadcrumb\",\"itemListElement\":[{\"@type\":\"ListItem\",\"position\":1,\"name\":\"Home\",\"item\":\"https:\/\/rauschert.com\/en\/\"},{\"@type\":\"ListItem\",\"position\":2,\"name\":\"Product area\",\"item\":\"https:\/\/rauschert.com\/en\/product-area\/\"},{\"@type\":\"ListItem\",\"position\":3,\"name\":\"Ignition systems &#038; heating elements\",\"item\":\"https:\/\/rauschert.com\/en\/product-area\/ignition-systems-heating-elements\/\"},{\"@type\":\"ListItem\",\"position\":4,\"name\":\"Products\",\"item\":\"https:\/\/rauschert.com\/en\/product-area\/ignition-systems-heating-elements\/products\/\"},{\"@type\":\"ListItem\",\"position\":5,\"name\":\"Metal flat heater\"}]},{\"@type\":\"WebSite\",\"@id\":\"https:\/\/rauschert.com\/en\/#website\",\"url\":\"https:\/\/rauschert.com\/en\/\",\"name\":\"Rauschert\",\"description\":\"\",\"potentialAction\":[{\"@type\":\"SearchAction\",\"target\":{\"@type\":\"EntryPoint\",\"urlTemplate\":\"https:\/\/rauschert.com\/en\/?s={search_term_string}\"},\"query-input\":{\"@type\":\"PropertyValueSpecification\",\"valueRequired\":true,\"valueName\":\"search_term_string\"}}],\"inLanguage\":\"en-US\"}]}<\/script>\n<!-- \/ Yoast SEO plugin. -->","yoast_head_json":{"title":"Metal flat heater - Rauschert","description":"Metallflachheizer, ein Hybrid aus Metall, Keramik und Glas, kommen dort zum Einsatz wo schnelle punktuelle oder fl\u00e4chige Erw\u00e4rmung, ein robustes Design mit hohen Heiz- und K\u00fchlraten und ein exzellentes Preis-Leistungsverh\u00e4ltnis gefordert sind. Anwendungsgebiete sind der Verpackungsbereich, der Automobilsektor sowie die industrielle Umformtechnik, die Analytik und andere mehr.","robots":{"index":"index","follow":"follow","max-snippet":"max-snippet:-1","max-image-preview":"max-image-preview:large","max-video-preview":"max-video-preview:-1"},"canonical":"https:\/\/rauschert.com\/en\/product-area\/ignition-systems-heating-elements\/products\/metal-flat-heater\/","og_locale":"en_US","og_type":"article","og_title":"Metal flat heater - Rauschert","og_description":"Metallflachheizer, ein Hybrid aus Metall, Keramik und Glas, kommen dort zum Einsatz wo schnelle punktuelle oder fl\u00e4chige Erw\u00e4rmung, ein robustes Design mit hohen Heiz- und K\u00fchlraten und ein exzellentes Preis-Leistungsverh\u00e4ltnis gefordert sind. Anwendungsgebiete sind der Verpackungsbereich, der Automobilsektor sowie die industrielle Umformtechnik, die Analytik und andere mehr.","og_url":"https:\/\/rauschert.com\/en\/product-area\/ignition-systems-heating-elements\/products\/metal-flat-heater\/","og_site_name":"Rauschert","article_modified_time":"2023-12-04T09:30:00+00:00","og_image":[{"url":"http:\/\/rauschert.com\/wp-content\/uploads\/2023\/07\/Rauschert_Glauche_Finamedia_36_mit-Logo_alleine_120123_kl_bearb-e1690190840501-300x184.jpg"}],"twitter_card":"summary_large_image","twitter_misc":{"Est. reading time":"4 minutes"},"schema":{"@context":"https:\/\/schema.org","@graph":[{"@type":"WebPage","@id":"https:\/\/rauschert.com\/en\/product-area\/ignition-systems-heating-elements\/products\/metal-flat-heater\/","url":"https:\/\/rauschert.com\/en\/product-area\/ignition-systems-heating-elements\/products\/metal-flat-heater\/","name":"Metal flat heater - Rauschert","isPartOf":{"@id":"https:\/\/rauschert.com\/en\/#website"},"primaryImageOfPage":{"@id":"https:\/\/rauschert.com\/en\/product-area\/ignition-systems-heating-elements\/products\/metal-flat-heater\/#primaryimage"},"image":{"@id":"https:\/\/rauschert.com\/en\/product-area\/ignition-systems-heating-elements\/products\/metal-flat-heater\/#primaryimage"},"thumbnailUrl":"http:\/\/rauschert.com\/wp-content\/uploads\/2023\/07\/Rauschert_Glauche_Finamedia_36_mit-Logo_alleine_120123_kl_bearb-e1690190840501-300x184.jpg","datePublished":"2023-08-24T09:22:56+00:00","dateModified":"2023-12-04T09:30:00+00:00","description":"Metallflachheizer, ein Hybrid aus Metall, Keramik und Glas, kommen dort zum Einsatz wo schnelle punktuelle oder fl\u00e4chige Erw\u00e4rmung, ein robustes Design mit hohen Heiz- und K\u00fchlraten und ein exzellentes Preis-Leistungsverh\u00e4ltnis gefordert sind. Anwendungsgebiete sind der Verpackungsbereich, der Automobilsektor sowie die industrielle Umformtechnik, die Analytik und andere mehr.","breadcrumb":{"@id":"https:\/\/rauschert.com\/en\/product-area\/ignition-systems-heating-elements\/products\/metal-flat-heater\/#breadcrumb"},"inLanguage":"en-US","potentialAction":[{"@type":"ReadAction","target":["https:\/\/rauschert.com\/en\/product-area\/ignition-systems-heating-elements\/products\/metal-flat-heater\/"]}]},{"@type":"ImageObject","inLanguage":"en-US","@id":"https:\/\/rauschert.com\/en\/product-area\/ignition-systems-heating-elements\/products\/metal-flat-heater\/#primaryimage","url":"http:\/\/rauschert.com\/wp-content\/uploads\/2023\/07\/Rauschert_Glauche_Finamedia_36_mit-Logo_alleine_120123_kl_bearb-e1690190840501-300x184.jpg","contentUrl":"http:\/\/rauschert.com\/wp-content\/uploads\/2023\/07\/Rauschert_Glauche_Finamedia_36_mit-Logo_alleine_120123_kl_bearb-e1690190840501-300x184.jpg"},{"@type":"BreadcrumbList","@id":"https:\/\/rauschert.com\/en\/product-area\/ignition-systems-heating-elements\/products\/metal-flat-heater\/#breadcrumb","itemListElement":[{"@type":"ListItem","position":1,"name":"Home","item":"https:\/\/rauschert.com\/en\/"},{"@type":"ListItem","position":2,"name":"Product area","item":"https:\/\/rauschert.com\/en\/product-area\/"},{"@type":"ListItem","position":3,"name":"Ignition systems &#038; heating elements","item":"https:\/\/rauschert.com\/en\/product-area\/ignition-systems-heating-elements\/"},{"@type":"ListItem","position":4,"name":"Products","item":"https:\/\/rauschert.com\/en\/product-area\/ignition-systems-heating-elements\/products\/"},{"@type":"ListItem","position":5,"name":"Metal flat heater"}]},{"@type":"WebSite","@id":"https:\/\/rauschert.com\/en\/#website","url":"https:\/\/rauschert.com\/en\/","name":"Rauschert","description":"","potentialAction":[{"@type":"SearchAction","target":{"@type":"EntryPoint","urlTemplate":"https:\/\/rauschert.com\/en\/?s={search_term_string}"},"query-input":{"@type":"PropertyValueSpecification","valueRequired":true,"valueName":"search_term_string"}}],"inLanguage":"en-US"}]}},"publishpress_future_action":{"enabled":false,"date":"2026-04-23 06:31:07","action":"change-status","newStatus":"draft","terms":[],"taxonomy":"translation_priority"},"_links":{"self":[{"href":"https:\/\/rauschert.com\/en\/wp-json\/wp\/v2\/pages\/11565"}],"collection":[{"href":"https:\/\/rauschert.com\/en\/wp-json\/wp\/v2\/pages"}],"about":[{"href":"https:\/\/rauschert.com\/en\/wp-json\/wp\/v2\/types\/page"}],"author":[{"embeddable":true,"href":"https:\/\/rauschert.com\/en\/wp-json\/wp\/v2\/users\/10"}],"replies":[{"embeddable":true,"href":"https:\/\/rauschert.com\/en\/wp-json\/wp\/v2\/comments?post=11565"}],"version-history":[{"count":13,"href":"https:\/\/rauschert.com\/en\/wp-json\/wp\/v2\/pages\/11565\/revisions"}],"predecessor-version":[{"id":11825,"href":"https:\/\/rauschert.com\/en\/wp-json\/wp\/v2\/pages\/11565\/revisions\/11825"}],"up":[{"embeddable":true,"href":"https:\/\/rauschert.com\/en\/wp-json\/wp\/v2\/pages\/3424"}],"wp:attachment":[{"href":"https:\/\/rauschert.com\/en\/wp-json\/wp\/v2\/media?parent=11565"}],"curies":[{"name":"wp","href":"https:\/\/api.w.org\/{rel}","templated":true}]}}