{"id":3450,"date":"2019-04-11T15:42:15","date_gmt":"2019-04-11T13:42:15","guid":{"rendered":"https:\/\/rauschert.com\/?page_id=3450"},"modified":"2024-07-18T13:20:14","modified_gmt":"2024-07-18T11:20:14","slug":"ignition-system-flame-sensors","status":"publish","type":"page","link":"https:\/\/rauschert.com\/en\/product-area\/ignition-systems-heating-elements\/products\/ignition-system-flame-sensors\/","title":{"rendered":"Ignition system &#038; flame sensors"},"content":{"rendered":"<p><strong><span class=\"tlid-translation translation\" lang=\"en\" style=\"font-size: 14pt;\"><span class=\"\" title=\"\">Innovative solutions for all burner types<\/span><\/span><\/strong><\/p>\n<p>In the middle of the 80s, a new chapter began in the success story of Rauschert: The manufacture of ceramic insulators for spark plugs and ignition electrodes. At the same time, we began developing the first complete ignition electrodes for the oil and gas burner market.<\/p>\n<p>Today, our ignition components production includes a fully automated cable assembly plant, modern machinery for the production of electrodes and above all \u2013 a highly motivated team of developers and producers..<\/p>\n<p>The combination of \u201cMade in Germany\u201d and the cost advantages of low-cost production locations has transformed us into the leading provider of ignition systems for oil, gas and solid fuel burners.<\/p>\n<p>With experienced partners, we offer the best possibilities for consultation and development. Close cooperation and optimally shared tasks according to where expertise lies guarantee the highest possible quality of work.<\/p>\n<p>&nbsp;<\/p>\n<div id=\"unser-programm\" class=\"accordion-body rl_sliders-body nn_sliders-body in collapse\" role=\"region\" aria-labelledby=\"slider-unser-programm\" aria-hidden=\"false\" aria-selected=\"true\">\n<div class=\"accordion-inner panel-body\">\n<h3 class=\"rl_sliders-title nn_sliders-title\">Our programm<\/h3>\n<div class=\"row\"><div class=\"col s12 m4\">\n<img loading=\"lazy\" decoding=\"async\" class=\"alignnone wp-image-3631\" title=\"Ignition electrodes from Rauschert\" src=\"https:\/\/rauschert.com\/wp-content\/uploads\/2019\/04\/Z\u00fcKo_Produkte_Z\u00fcndelektroden_Z\u00fcndelektrode-300x300.jpg\" alt=\"Ignition electrodes from Rauschert\" width=\"200\" height=\"200\" srcset=\"https:\/\/rauschert.com\/wp-content\/uploads\/2019\/04\/Z\u00fcKo_Produkte_Z\u00fcndelektroden_Z\u00fcndelektrode-300x300.jpg 300w, https:\/\/rauschert.com\/wp-content\/uploads\/2019\/04\/Z\u00fcKo_Produkte_Z\u00fcndelektroden_Z\u00fcndelektrode-150x150.jpg 150w, https:\/\/rauschert.com\/wp-content\/uploads\/2019\/04\/Z\u00fcKo_Produkte_Z\u00fcndelektroden_Z\u00fcndelektrode.jpg 400w\" sizes=\"(max-width: 200px) 100vw, 200px\" \/><\/p>\n<\/div>\n<div class=\"col s12 m4\">\n<img loading=\"lazy\" decoding=\"async\" class=\"alignnone wp-image-3632\" title=\"Ignition electrodes and flame sensors\" src=\"https:\/\/rauschert.com\/wp-content\/uploads\/2019\/04\/Z\u00fcKo_Produkte_Z\u00fcndelektroden_Z\u00fcndelektrode-im-Einsatz-300x300.jpg\" alt=\"Ignition electrodes and flame sensors\" width=\"200\" height=\"200\" srcset=\"https:\/\/rauschert.com\/wp-content\/uploads\/2019\/04\/Z\u00fcKo_Produkte_Z\u00fcndelektroden_Z\u00fcndelektrode-im-Einsatz-300x300.jpg 300w, https:\/\/rauschert.com\/wp-content\/uploads\/2019\/04\/Z\u00fcKo_Produkte_Z\u00fcndelektroden_Z\u00fcndelektrode-im-Einsatz-150x150.jpg 150w, https:\/\/rauschert.com\/wp-content\/uploads\/2019\/04\/Z\u00fcKo_Produkte_Z\u00fcndelektroden_Z\u00fcndelektrode-im-Einsatz.jpg 400w\" sizes=\"(max-width: 200px) 100vw, 200px\" \/><\/p>\n<\/div>\n<div class=\"col s12 m4\">\n<img loading=\"lazy\" decoding=\"async\" class=\"alignnone wp-image-3633\" title=\"Ignition components, ignition electrodes, ionisation electrodes and monitoring electrodes from Rauschert\" src=\"https:\/\/rauschert.com\/wp-content\/uploads\/2019\/04\/Z\u00fcKo_Produkte_Z\u00fcndelektroden_Z\u00fcndkomponenten-1-300x300.jpg\" alt=\"Ignition components, ignition electrodes, ionisation electrodes and monitoring electrodes from Rauschert\" width=\"200\" height=\"200\" srcset=\"https:\/\/rauschert.com\/wp-content\/uploads\/2019\/04\/Z\u00fcKo_Produkte_Z\u00fcndelektroden_Z\u00fcndkomponenten-1-300x300.jpg 300w, https:\/\/rauschert.com\/wp-content\/uploads\/2019\/04\/Z\u00fcKo_Produkte_Z\u00fcndelektroden_Z\u00fcndkomponenten-1-150x150.jpg 150w, https:\/\/rauschert.com\/wp-content\/uploads\/2019\/04\/Z\u00fcKo_Produkte_Z\u00fcndelektroden_Z\u00fcndkomponenten-1.jpg 400w\" sizes=\"(max-width: 200px) 100vw, 200px\" \/><\/p>\n<\/div>\n<\/div>\n<div class=\"ym-grid linearize-level-1\">\n<div class=\"ym-g33 ym-gl\">\n<div class=\"ym-gbox-left\">\n<ul>\n<li>We design ignition elements and monitoring electrodes according to your requirements.<\/li>\n<li>Standard components can be combined in modular form for the ignition system.<\/li>\n<li>Different wire materials for the highest demands.<\/li>\n<li>Ignition leads, ionisation leads and cables from our own cable assembly plant.<br \/>\n<a title=\"Ignition cables from Rauschert\" href=\"https:\/\/rauschert.com\/en\/component\/content\/45-en\/products\/functional-components\/132-ignition-cables-connection-leads.html?Itemid=292\" hreflang=\"en\">more information&#8230; <i class=\"fa fa-angle-double-right\"><\/i><\/a><\/li>\n<li>Alumina <a title=\"Alumina Rapox\" href=\"https:\/\/rauschert.com\/en\/materials\/technical-ceramics\/aluminium-oxide-rapox.html\" hreflang=\"en\">RAPOX<\/a>,\u00a0steatite and all standard ceramic materials are produced in-house.<\/li>\n<\/ul>\n<\/div>\n<\/div>\n<\/div>\n<p>&nbsp;<\/p>\n<\/div>\n<h3 class=\"rl_sliders-title nn_sliders-title\">Why we stand out&#8230;<\/h3>\n<dl>\n<dt><strong>Fast, flexible and innovative<\/strong><\/dt>\n<dd>Talk to us while you are still at the planning stage! Our experience can help you to find suitable solutions and implement them with short delivery times thanks to our flexible production.<\/dd>\n<dd><\/dd>\n<\/dl>\n<dl>\n<dd><\/dd>\n<dt><strong>Wide range of production options<\/strong><\/dt>\n<dd>A very wide range of production procedures enables nearly all ideas to be put into practice, from low-budget to high-tech products.<\/dd>\n<dd><\/dd>\n<\/dl>\n<dl>\n<dt><strong>From single components to large production runs<\/strong><\/dt>\n<dd>Our prototype and small-run series provides a flexible, low-cost production of small runs and pre-production prototypes. And the rational series production guarantees reliability and low prices.<\/dd>\n<\/dl>\n<dl>\n<dt><strong>Know-how and innovative spirit<\/strong><\/dt>\n<dd>Our team has gained a wide range of experience and is continually in search of new methods and solutions. Why not put us to the test?<\/dd>\n<\/dl>\n<dl>\n<dt><strong>Competent dialogue partner<\/strong><\/dt>\n<dd>Committed employees with much practical experience guarantee practical solutions and target-oriented cooperation.<\/dd>\n<dt><\/dt>\n<\/dl>\n<dl>\n<dt><strong>Short delivery times, excellent service<\/strong><\/dt>\n<dd>Location Germany does not represent a disadvantage for us! We are able to react quickly and can always be available on-site. Questions are clarified quickly and without bureaucracy. Very short delivery times are a matter of course for us.<\/dd>\n<\/dl>\n<div class=\"row\"><div class=\"col s12 m4\">\n<img loading=\"lazy\" decoding=\"async\" class=\"alignnone wp-image-3635\" title=\"Ignition burners and igniters from Rauschert\" src=\"https:\/\/rauschert.com\/wp-content\/uploads\/2017\/12\/Z\u00fcKo_Produkte_Z\u00fcndelektroden_Z\u00fcndbrenner-300x200.jpg\" alt=\"Ignition burners and igniters from Rauschert\" width=\"300\" height=\"200\" srcset=\"https:\/\/rauschert.com\/wp-content\/uploads\/2017\/12\/Z\u00fcKo_Produkte_Z\u00fcndelektroden_Z\u00fcndbrenner-300x200.jpg 300w, https:\/\/rauschert.com\/wp-content\/uploads\/2017\/12\/Z\u00fcKo_Produkte_Z\u00fcndelektroden_Z\u00fcndbrenner.jpg 600w\" sizes=\"(max-width: 300px) 100vw, 300px\" \/><\/p>\n<\/div>\n<div class=\"col s12 m4\">\n<img loading=\"lazy\" decoding=\"async\" class=\"alignnone wp-image-3634 size-medium\" title=\"Ignition systems for gas burners\" src=\"https:\/\/rauschert.com\/wp-content\/uploads\/2017\/12\/Z\u00fcKo_Produkte_Z\u00fcndelektroden_Z\u00fcndkomponenten1-300x200.jpg\" alt=\"Ignition systems for gas burners\" width=\"300\" height=\"200\" srcset=\"https:\/\/rauschert.com\/wp-content\/uploads\/2017\/12\/Z\u00fcKo_Produkte_Z\u00fcndelektroden_Z\u00fcndkomponenten1-300x200.jpg 300w, https:\/\/rauschert.com\/wp-content\/uploads\/2017\/12\/Z\u00fcKo_Produkte_Z\u00fcndelektroden_Z\u00fcndkomponenten1.jpg 600w\" sizes=\"(max-width: 300px) 100vw, 300px\" \/><\/p>\n<\/div>\n<\/div>\n<dl>\n<dd><\/dd>\n<dt><\/dt>\n<\/dl>\n<div class=\"ym-grid linearize-level-1\">\n<div class=\"ym-g50 ym-gl\">\n<div class=\"ym-gbox-right\"><strong>Gas-tight, interference-suppressed or especially corrosion-free \u2013 what you need, we can implement!<\/strong><\/div>\n<\/div>\n<\/div>\n<\/div>\n","protected":false},"excerpt":{"rendered":"<p>Innovative solutions for all burner types In the middle of the 80s, a new chapter began in the success story of Rauschert: The manufacture of ceramic insulators for spark plugs and ignition electrodes. At the same time, we began developing the first complete ignition electrodes for the oil and gas burner market. Today, our ignition [&hellip;]<\/p>\n","protected":false},"author":3,"featured_media":0,"parent":3424,"menu_order":1,"comment_status":"closed","ping_status":"closed","template":"template-product.php","meta":{"footnotes":""},"class_list":["post-3450","page","type-page","status-publish","hentry"],"acf":[],"yoast_head":"<!-- This site is optimized with the Yoast SEO plugin v23.4 - https:\/\/yoast.com\/wordpress\/plugins\/seo\/ -->\n<title>Ignition system &amp; flame sensors - Rauschert<\/title>\n<meta name=\"robots\" content=\"index, follow, max-snippet:-1, max-image-preview:large, max-video-preview:-1\" \/>\n<link rel=\"canonical\" href=\"https:\/\/rauschert.com\/en\/product-area\/ignition-systems-heating-elements\/products\/ignition-system-flame-sensors\/\" \/>\n<meta property=\"og:locale\" content=\"en_US\" \/>\n<meta property=\"og:type\" content=\"article\" \/>\n<meta property=\"og:title\" content=\"Ignition system &amp; flame sensors - Rauschert\" \/>\n<meta property=\"og:description\" content=\"Innovative solutions for all burner types In the middle of the 80s, a new chapter began in the success story of Rauschert: The manufacture of ceramic insulators for spark plugs and ignition electrodes. At the same time, we began developing the first complete ignition electrodes for the oil and gas burner market. Today, our ignition [&hellip;]\" \/>\n<meta property=\"og:url\" content=\"https:\/\/rauschert.com\/en\/product-area\/ignition-systems-heating-elements\/products\/ignition-system-flame-sensors\/\" \/>\n<meta property=\"og:site_name\" content=\"Rauschert\" \/>\n<meta property=\"article:modified_time\" content=\"2024-07-18T11:20:14+00:00\" \/>\n<meta name=\"twitter:card\" content=\"summary_large_image\" \/>\n<meta name=\"twitter:label1\" content=\"Est. reading time\" \/>\n\t<meta name=\"twitter:data1\" content=\"2 minutes\" \/>\n<script type=\"application\/ld+json\" class=\"yoast-schema-graph\">{\"@context\":\"https:\/\/schema.org\",\"@graph\":[{\"@type\":\"WebPage\",\"@id\":\"https:\/\/rauschert.com\/en\/product-area\/ignition-systems-heating-elements\/products\/ignition-system-flame-sensors\/\",\"url\":\"https:\/\/rauschert.com\/en\/product-area\/ignition-systems-heating-elements\/products\/ignition-system-flame-sensors\/\",\"name\":\"Ignition system & flame sensors - Rauschert\",\"isPartOf\":{\"@id\":\"https:\/\/rauschert.com\/en\/#website\"},\"datePublished\":\"2019-04-11T13:42:15+00:00\",\"dateModified\":\"2024-07-18T11:20:14+00:00\",\"breadcrumb\":{\"@id\":\"https:\/\/rauschert.com\/en\/product-area\/ignition-systems-heating-elements\/products\/ignition-system-flame-sensors\/#breadcrumb\"},\"inLanguage\":\"en-US\",\"potentialAction\":[{\"@type\":\"ReadAction\",\"target\":[\"https:\/\/rauschert.com\/en\/product-area\/ignition-systems-heating-elements\/products\/ignition-system-flame-sensors\/\"]}]},{\"@type\":\"BreadcrumbList\",\"@id\":\"https:\/\/rauschert.com\/en\/product-area\/ignition-systems-heating-elements\/products\/ignition-system-flame-sensors\/#breadcrumb\",\"itemListElement\":[{\"@type\":\"ListItem\",\"position\":1,\"name\":\"Home\",\"item\":\"https:\/\/rauschert.com\/en\/\"},{\"@type\":\"ListItem\",\"position\":2,\"name\":\"Product area\",\"item\":\"https:\/\/rauschert.com\/en\/product-area\/\"},{\"@type\":\"ListItem\",\"position\":3,\"name\":\"Ignition systems &#038; heating elements\",\"item\":\"https:\/\/rauschert.com\/en\/product-area\/ignition-systems-heating-elements\/\"},{\"@type\":\"ListItem\",\"position\":4,\"name\":\"Products\",\"item\":\"https:\/\/rauschert.com\/en\/product-area\/ignition-systems-heating-elements\/products\/\"},{\"@type\":\"ListItem\",\"position\":5,\"name\":\"Ignition system &#038; flame sensors\"}]},{\"@type\":\"WebSite\",\"@id\":\"https:\/\/rauschert.com\/en\/#website\",\"url\":\"https:\/\/rauschert.com\/en\/\",\"name\":\"Rauschert\",\"description\":\"\",\"potentialAction\":[{\"@type\":\"SearchAction\",\"target\":{\"@type\":\"EntryPoint\",\"urlTemplate\":\"https:\/\/rauschert.com\/en\/?s={search_term_string}\"},\"query-input\":{\"@type\":\"PropertyValueSpecification\",\"valueRequired\":true,\"valueName\":\"search_term_string\"}}],\"inLanguage\":\"en-US\"}]}<\/script>\n<!-- \/ Yoast SEO plugin. -->","yoast_head_json":{"title":"Ignition system & flame sensors - Rauschert","robots":{"index":"index","follow":"follow","max-snippet":"max-snippet:-1","max-image-preview":"max-image-preview:large","max-video-preview":"max-video-preview:-1"},"canonical":"https:\/\/rauschert.com\/en\/product-area\/ignition-systems-heating-elements\/products\/ignition-system-flame-sensors\/","og_locale":"en_US","og_type":"article","og_title":"Ignition system & flame sensors - Rauschert","og_description":"Innovative solutions for all burner types In the middle of the 80s, a new chapter began in the success story of Rauschert: The manufacture of ceramic insulators for spark plugs and ignition electrodes. At the same time, we began developing the first complete ignition electrodes for the oil and gas burner market. Today, our ignition [&hellip;]","og_url":"https:\/\/rauschert.com\/en\/product-area\/ignition-systems-heating-elements\/products\/ignition-system-flame-sensors\/","og_site_name":"Rauschert","article_modified_time":"2024-07-18T11:20:14+00:00","twitter_card":"summary_large_image","twitter_misc":{"Est. reading time":"2 minutes"},"schema":{"@context":"https:\/\/schema.org","@graph":[{"@type":"WebPage","@id":"https:\/\/rauschert.com\/en\/product-area\/ignition-systems-heating-elements\/products\/ignition-system-flame-sensors\/","url":"https:\/\/rauschert.com\/en\/product-area\/ignition-systems-heating-elements\/products\/ignition-system-flame-sensors\/","name":"Ignition system & flame sensors - Rauschert","isPartOf":{"@id":"https:\/\/rauschert.com\/en\/#website"},"datePublished":"2019-04-11T13:42:15+00:00","dateModified":"2024-07-18T11:20:14+00:00","breadcrumb":{"@id":"https:\/\/rauschert.com\/en\/product-area\/ignition-systems-heating-elements\/products\/ignition-system-flame-sensors\/#breadcrumb"},"inLanguage":"en-US","potentialAction":[{"@type":"ReadAction","target":["https:\/\/rauschert.com\/en\/product-area\/ignition-systems-heating-elements\/products\/ignition-system-flame-sensors\/"]}]},{"@type":"BreadcrumbList","@id":"https:\/\/rauschert.com\/en\/product-area\/ignition-systems-heating-elements\/products\/ignition-system-flame-sensors\/#breadcrumb","itemListElement":[{"@type":"ListItem","position":1,"name":"Home","item":"https:\/\/rauschert.com\/en\/"},{"@type":"ListItem","position":2,"name":"Product area","item":"https:\/\/rauschert.com\/en\/product-area\/"},{"@type":"ListItem","position":3,"name":"Ignition systems &#038; heating elements","item":"https:\/\/rauschert.com\/en\/product-area\/ignition-systems-heating-elements\/"},{"@type":"ListItem","position":4,"name":"Products","item":"https:\/\/rauschert.com\/en\/product-area\/ignition-systems-heating-elements\/products\/"},{"@type":"ListItem","position":5,"name":"Ignition system &#038; flame sensors"}]},{"@type":"WebSite","@id":"https:\/\/rauschert.com\/en\/#website","url":"https:\/\/rauschert.com\/en\/","name":"Rauschert","description":"","potentialAction":[{"@type":"SearchAction","target":{"@type":"EntryPoint","urlTemplate":"https:\/\/rauschert.com\/en\/?s={search_term_string}"},"query-input":{"@type":"PropertyValueSpecification","valueRequired":true,"valueName":"search_term_string"}}],"inLanguage":"en-US"}]}},"publishpress_future_action":{"enabled":false,"date":"2026-05-14 18:24:57","action":"change-status","newStatus":"draft","terms":[],"taxonomy":"translation_priority"},"_links":{"self":[{"href":"https:\/\/rauschert.com\/en\/wp-json\/wp\/v2\/pages\/3450"}],"collection":[{"href":"https:\/\/rauschert.com\/en\/wp-json\/wp\/v2\/pages"}],"about":[{"href":"https:\/\/rauschert.com\/en\/wp-json\/wp\/v2\/types\/page"}],"author":[{"embeddable":true,"href":"https:\/\/rauschert.com\/en\/wp-json\/wp\/v2\/users\/3"}],"replies":[{"embeddable":true,"href":"https:\/\/rauschert.com\/en\/wp-json\/wp\/v2\/comments?post=3450"}],"version-history":[{"count":11,"href":"https:\/\/rauschert.com\/en\/wp-json\/wp\/v2\/pages\/3450\/revisions"}],"predecessor-version":[{"id":12250,"href":"https:\/\/rauschert.com\/en\/wp-json\/wp\/v2\/pages\/3450\/revisions\/12250"}],"up":[{"embeddable":true,"href":"https:\/\/rauschert.com\/en\/wp-json\/wp\/v2\/pages\/3424"}],"wp:attachment":[{"href":"https:\/\/rauschert.com\/en\/wp-json\/wp\/v2\/media?parent=3450"}],"curies":[{"name":"wp","href":"https:\/\/api.w.org\/{rel}","templated":true}]}}