{"id":3868,"date":"2018-08-30T16:40:46","date_gmt":"2018-08-30T14:40:46","guid":{"rendered":"https:\/\/rauschert.com\/product-area\/plastic-moulded-parts\/products\/2k-spritzguss\/"},"modified":"2022-02-09T19:55:12","modified_gmt":"2022-02-09T18:55:12","slug":"2component-plastic-parts","status":"publish","type":"page","link":"https:\/\/rauschert.com\/en\/product-area\/plastic-moulded-parts\/products\/2component-plastic-parts\/","title":{"rendered":"2-component&shy;\u00ad plastic parts"},"content":{"rendered":"<div id=\"anwendungen\" class=\"accordion-body rl_sliders-body nn_sliders-body in collapse\" role=\"region\" aria-labelledby=\"slider-anwendungen\" aria-hidden=\"false\" aria-selected=\"true\">\n<div class=\"accordion-inner panel-body\">\n<div class=\"ym-grid linearize-level-1\">\n<div class=\"ym-g33 ym-gr\">\n<div class=\"ym-gbox-right\">\n<h3><span style=\"color: #f07d00;\">Perfect in design and function<\/span><\/h3>\n<p>2-component plastic parts meet high requirements of optical and mechanical specifications.<br \/>\nMaterial combinations are produced in the 2-component injection moulding procedure up to a parts weight of approx. 300 g.<\/p>\n<p>Low parts prices are balanced out here by relatively high levels of tool investment.<br \/>\nFor this reason, this manufacturing procedure is especially worthwhile where large quantities are required.<\/p>\n<p>Profit from a consultation with us!<\/p>\n<p>&nbsp;<\/p>\n<\/div>\n<div id=\"anwendungen\" class=\"accordion-body rl_sliders-body nn_sliders-body collapse in\" role=\"region\" aria-labelledby=\"slider-anwendungen\" aria-hidden=\"false\">\n<div class=\"accordion-inner panel-body\">\n<h3 class=\"rl_sliders-title nn_sliders-title\">Applications<\/h3>\n<div class=\"row\"><div class=\"col s12 m4\">\n<p><div id=\"attachment_3864\" style=\"width: 260px\" class=\"wp-caption alignnone\"><img loading=\"lazy\" decoding=\"async\" aria-describedby=\"caption-attachment-3864\" class=\"wp-image-3864\" title=\"Dreh-Schaltkn\u00f6pfe, Tastenst\u00f6\u00dfel\" src=\"https:\/\/rauschert.com\/wp-content\/uploads\/2019\/05\/KS_Produkte_2KSpritzguss_Bild1-300x300.jpg\" alt=\"Dreh-Schaltkn\u00f6pfe, Tastenst\u00f6\u00dfel\" width=\"250\" height=\"250\" srcset=\"https:\/\/rauschert.com\/wp-content\/uploads\/2019\/05\/KS_Produkte_2KSpritzguss_Bild1-300x300.jpg 300w, https:\/\/rauschert.com\/wp-content\/uploads\/2019\/05\/KS_Produkte_2KSpritzguss_Bild1-150x150.jpg 150w, https:\/\/rauschert.com\/wp-content\/uploads\/2019\/05\/KS_Produkte_2KSpritzguss_Bild1.jpg 420w\" sizes=\"(max-width: 250px) 100vw, 250px\" \/><p id=\"caption-attachment-3864\" class=\"wp-caption-text\"><strong>top<\/strong>: rotary switches with markings for appliances: Material ABS\/coloured ABS <br \/><strong>bottom<\/strong>: button tappet (replacing coil springs): Material PP\/TPE<\/p><\/div><\/p>\n<\/div>\n<div class=\"col s12 m4\">\n<p><div id=\"attachment_3863\" style=\"width: 260px\" class=\"wp-caption alignnone\"><img loading=\"lazy\" decoding=\"async\" aria-describedby=\"caption-attachment-3863\" class=\"wp-image-3863\" title=\"Drucktasten\" src=\"https:\/\/rauschert.com\/wp-content\/uploads\/2019\/05\/KS_Produkte_2KSpritzguss_Bild3-300x300.jpg\" alt=\"Drucktasten\" width=\"250\" height=\"250\" srcset=\"https:\/\/rauschert.com\/wp-content\/uploads\/2019\/05\/KS_Produkte_2KSpritzguss_Bild3-300x300.jpg 300w, https:\/\/rauschert.com\/wp-content\/uploads\/2019\/05\/KS_Produkte_2KSpritzguss_Bild3-150x150.jpg 150w, https:\/\/rauschert.com\/wp-content\/uploads\/2019\/05\/KS_Produkte_2KSpritzguss_Bild3.jpg 420w\" sizes=\"(max-width: 250px) 100vw, 250px\" \/><p id=\"caption-attachment-3863\" class=\"wp-caption-text\">Push buttons for operating panels for appliances with colored symbols.: Material ABS\/coloured ABS<\/p><\/div><\/p>\n<\/div>\n<div class=\"col s12 m4\">\n<p><div id=\"attachment_3862\" style=\"width: 260px\" class=\"wp-caption alignnone\"><img loading=\"lazy\" decoding=\"async\" aria-describedby=\"caption-attachment-3862\" class=\"wp-image-3862\" title=\"Frontplatte Kamerageh\u00e4use\" src=\"https:\/\/rauschert.com\/wp-content\/uploads\/2019\/05\/KS_Produkte_2KSpritzguss_Bild2-300x300.jpg\" alt=\"Frontplatte Kamerageh\u00e4use\" width=\"250\" height=\"250\" srcset=\"https:\/\/rauschert.com\/wp-content\/uploads\/2019\/05\/KS_Produkte_2KSpritzguss_Bild2-300x300.jpg 300w, https:\/\/rauschert.com\/wp-content\/uploads\/2019\/05\/KS_Produkte_2KSpritzguss_Bild2-150x150.jpg 150w, https:\/\/rauschert.com\/wp-content\/uploads\/2019\/05\/KS_Produkte_2KSpritzguss_Bild2.jpg 420w\" sizes=\"(max-width: 250px) 100vw, 250px\" \/><p id=\"caption-attachment-3862\" class=\"wp-caption-text\">Front panel for camera housings with a circular sealing element for surveillance video cameras. Material PBT\/TPE<\/p><\/div><\/p>\n<\/div>\n<\/div>\n<div class=\"ym-grid linearize-level-1\">\n<div class=\"ym-g33 ym-gl\"><\/div>\n<div class=\"ym-g33 ym-gr\">\n<div class=\"ym-gbox-right\"><\/div>\n<\/div>\n<\/div>\n<\/div>\n<\/div>\n<div class=\"ym-gbox-right\"><\/div>\n<\/div>\n<\/div>\n<\/div>\n<\/div>\n","protected":false},"excerpt":{"rendered":"<p>Perfect in design and function 2-component plastic parts meet high requirements of optical and mechanical specifications. Material combinations are produced in the 2-component injection moulding procedure up to a parts weight of approx. 300 g. Low parts prices are balanced out here by relatively high levels of tool investment. For this reason, this manufacturing procedure [&hellip;]<\/p>\n","protected":false},"author":3,"featured_media":0,"parent":3426,"menu_order":5,"comment_status":"closed","ping_status":"closed","template":"template-product.php","meta":{"footnotes":""},"class_list":["post-3868","page","type-page","status-publish","hentry"],"acf":[],"yoast_head":"<!-- This site is optimized with the Yoast SEO plugin v23.4 - https:\/\/yoast.com\/wordpress\/plugins\/seo\/ -->\n<title>2-component&shy;\u00ad plastic parts - Rauschert<\/title>\n<meta name=\"robots\" content=\"index, follow, max-snippet:-1, max-image-preview:large, max-video-preview:-1\" \/>\n<link rel=\"canonical\" href=\"https:\/\/rauschert.com\/en\/product-area\/plastic-moulded-parts\/products\/2component-plastic-parts\/\" \/>\n<meta property=\"og:locale\" content=\"en_US\" \/>\n<meta property=\"og:type\" content=\"article\" \/>\n<meta property=\"og:title\" content=\"2-component&shy;\u00ad plastic parts - Rauschert\" \/>\n<meta property=\"og:description\" content=\"Perfect in design and function 2-component plastic parts meet high requirements of optical and mechanical specifications. Material combinations are produced in the 2-component injection moulding procedure up to a parts weight of approx. 300 g. Low parts prices are balanced out here by relatively high levels of tool investment. For this reason, this manufacturing procedure [&hellip;]\" \/>\n<meta property=\"og:url\" content=\"https:\/\/rauschert.com\/en\/product-area\/plastic-moulded-parts\/products\/2component-plastic-parts\/\" \/>\n<meta property=\"og:site_name\" content=\"Rauschert\" \/>\n<meta property=\"article:modified_time\" content=\"2022-02-09T18:55:12+00:00\" \/>\n<meta property=\"og:image\" content=\"https:\/\/rauschert.com\/wp-content\/uploads\/2019\/05\/KS_Produkte_2KSpritzguss_Bild1-300x300.jpg\" \/>\n<meta name=\"twitter:card\" content=\"summary_large_image\" \/>\n<meta name=\"twitter:label1\" content=\"Est. reading time\" \/>\n\t<meta name=\"twitter:data1\" content=\"1 minute\" \/>\n<script type=\"application\/ld+json\" class=\"yoast-schema-graph\">{\"@context\":\"https:\/\/schema.org\",\"@graph\":[{\"@type\":\"WebPage\",\"@id\":\"https:\/\/rauschert.com\/en\/product-area\/plastic-moulded-parts\/products\/2component-plastic-parts\/\",\"url\":\"https:\/\/rauschert.com\/en\/product-area\/plastic-moulded-parts\/products\/2component-plastic-parts\/\",\"name\":\"2-component&shy;\u00ad plastic parts - Rauschert\",\"isPartOf\":{\"@id\":\"https:\/\/rauschert.com\/en\/#website\"},\"primaryImageOfPage\":{\"@id\":\"https:\/\/rauschert.com\/en\/product-area\/plastic-moulded-parts\/products\/2component-plastic-parts\/#primaryimage\"},\"image\":{\"@id\":\"https:\/\/rauschert.com\/en\/product-area\/plastic-moulded-parts\/products\/2component-plastic-parts\/#primaryimage\"},\"thumbnailUrl\":\"https:\/\/rauschert.com\/wp-content\/uploads\/2019\/05\/KS_Produkte_2KSpritzguss_Bild1-300x300.jpg\",\"datePublished\":\"2018-08-30T14:40:46+00:00\",\"dateModified\":\"2022-02-09T18:55:12+00:00\",\"breadcrumb\":{\"@id\":\"https:\/\/rauschert.com\/en\/product-area\/plastic-moulded-parts\/products\/2component-plastic-parts\/#breadcrumb\"},\"inLanguage\":\"en-US\",\"potentialAction\":[{\"@type\":\"ReadAction\",\"target\":[\"https:\/\/rauschert.com\/en\/product-area\/plastic-moulded-parts\/products\/2component-plastic-parts\/\"]}]},{\"@type\":\"ImageObject\",\"inLanguage\":\"en-US\",\"@id\":\"https:\/\/rauschert.com\/en\/product-area\/plastic-moulded-parts\/products\/2component-plastic-parts\/#primaryimage\",\"url\":\"https:\/\/rauschert.com\/wp-content\/uploads\/2019\/05\/KS_Produkte_2KSpritzguss_Bild1-300x300.jpg\",\"contentUrl\":\"https:\/\/rauschert.com\/wp-content\/uploads\/2019\/05\/KS_Produkte_2KSpritzguss_Bild1-300x300.jpg\"},{\"@type\":\"BreadcrumbList\",\"@id\":\"https:\/\/rauschert.com\/en\/product-area\/plastic-moulded-parts\/products\/2component-plastic-parts\/#breadcrumb\",\"itemListElement\":[{\"@type\":\"ListItem\",\"position\":1,\"name\":\"Home\",\"item\":\"https:\/\/rauschert.com\/en\/\"},{\"@type\":\"ListItem\",\"position\":2,\"name\":\"Product area\",\"item\":\"https:\/\/rauschert.com\/en\/product-area\/\"},{\"@type\":\"ListItem\",\"position\":3,\"name\":\"Plastic moulded parts\",\"item\":\"https:\/\/rauschert.com\/en\/product-area\/plastic-moulded-parts\/\"},{\"@type\":\"ListItem\",\"position\":4,\"name\":\"Products\",\"item\":\"https:\/\/rauschert.com\/en\/product-area\/plastic-moulded-parts\/products\/\"},{\"@type\":\"ListItem\",\"position\":5,\"name\":\"2-component&shy;\u00ad plastic parts\"}]},{\"@type\":\"WebSite\",\"@id\":\"https:\/\/rauschert.com\/en\/#website\",\"url\":\"https:\/\/rauschert.com\/en\/\",\"name\":\"Rauschert\",\"description\":\"\",\"potentialAction\":[{\"@type\":\"SearchAction\",\"target\":{\"@type\":\"EntryPoint\",\"urlTemplate\":\"https:\/\/rauschert.com\/en\/?s={search_term_string}\"},\"query-input\":{\"@type\":\"PropertyValueSpecification\",\"valueRequired\":true,\"valueName\":\"search_term_string\"}}],\"inLanguage\":\"en-US\"}]}<\/script>\n<!-- \/ Yoast SEO plugin. -->","yoast_head_json":{"title":"2-component&shy;\u00ad plastic parts - Rauschert","robots":{"index":"index","follow":"follow","max-snippet":"max-snippet:-1","max-image-preview":"max-image-preview:large","max-video-preview":"max-video-preview:-1"},"canonical":"https:\/\/rauschert.com\/en\/product-area\/plastic-moulded-parts\/products\/2component-plastic-parts\/","og_locale":"en_US","og_type":"article","og_title":"2-component&shy;\u00ad plastic parts - Rauschert","og_description":"Perfect in design and function 2-component plastic parts meet high requirements of optical and mechanical specifications. Material combinations are produced in the 2-component injection moulding procedure up to a parts weight of approx. 300 g. Low parts prices are balanced out here by relatively high levels of tool investment. For this reason, this manufacturing procedure [&hellip;]","og_url":"https:\/\/rauschert.com\/en\/product-area\/plastic-moulded-parts\/products\/2component-plastic-parts\/","og_site_name":"Rauschert","article_modified_time":"2022-02-09T18:55:12+00:00","og_image":[{"url":"https:\/\/rauschert.com\/wp-content\/uploads\/2019\/05\/KS_Produkte_2KSpritzguss_Bild1-300x300.jpg"}],"twitter_card":"summary_large_image","twitter_misc":{"Est. reading time":"1 minute"},"schema":{"@context":"https:\/\/schema.org","@graph":[{"@type":"WebPage","@id":"https:\/\/rauschert.com\/en\/product-area\/plastic-moulded-parts\/products\/2component-plastic-parts\/","url":"https:\/\/rauschert.com\/en\/product-area\/plastic-moulded-parts\/products\/2component-plastic-parts\/","name":"2-component&shy;\u00ad plastic parts - Rauschert","isPartOf":{"@id":"https:\/\/rauschert.com\/en\/#website"},"primaryImageOfPage":{"@id":"https:\/\/rauschert.com\/en\/product-area\/plastic-moulded-parts\/products\/2component-plastic-parts\/#primaryimage"},"image":{"@id":"https:\/\/rauschert.com\/en\/product-area\/plastic-moulded-parts\/products\/2component-plastic-parts\/#primaryimage"},"thumbnailUrl":"https:\/\/rauschert.com\/wp-content\/uploads\/2019\/05\/KS_Produkte_2KSpritzguss_Bild1-300x300.jpg","datePublished":"2018-08-30T14:40:46+00:00","dateModified":"2022-02-09T18:55:12+00:00","breadcrumb":{"@id":"https:\/\/rauschert.com\/en\/product-area\/plastic-moulded-parts\/products\/2component-plastic-parts\/#breadcrumb"},"inLanguage":"en-US","potentialAction":[{"@type":"ReadAction","target":["https:\/\/rauschert.com\/en\/product-area\/plastic-moulded-parts\/products\/2component-plastic-parts\/"]}]},{"@type":"ImageObject","inLanguage":"en-US","@id":"https:\/\/rauschert.com\/en\/product-area\/plastic-moulded-parts\/products\/2component-plastic-parts\/#primaryimage","url":"https:\/\/rauschert.com\/wp-content\/uploads\/2019\/05\/KS_Produkte_2KSpritzguss_Bild1-300x300.jpg","contentUrl":"https:\/\/rauschert.com\/wp-content\/uploads\/2019\/05\/KS_Produkte_2KSpritzguss_Bild1-300x300.jpg"},{"@type":"BreadcrumbList","@id":"https:\/\/rauschert.com\/en\/product-area\/plastic-moulded-parts\/products\/2component-plastic-parts\/#breadcrumb","itemListElement":[{"@type":"ListItem","position":1,"name":"Home","item":"https:\/\/rauschert.com\/en\/"},{"@type":"ListItem","position":2,"name":"Product area","item":"https:\/\/rauschert.com\/en\/product-area\/"},{"@type":"ListItem","position":3,"name":"Plastic moulded parts","item":"https:\/\/rauschert.com\/en\/product-area\/plastic-moulded-parts\/"},{"@type":"ListItem","position":4,"name":"Products","item":"https:\/\/rauschert.com\/en\/product-area\/plastic-moulded-parts\/products\/"},{"@type":"ListItem","position":5,"name":"2-component&shy;\u00ad plastic parts"}]},{"@type":"WebSite","@id":"https:\/\/rauschert.com\/en\/#website","url":"https:\/\/rauschert.com\/en\/","name":"Rauschert","description":"","potentialAction":[{"@type":"SearchAction","target":{"@type":"EntryPoint","urlTemplate":"https:\/\/rauschert.com\/en\/?s={search_term_string}"},"query-input":{"@type":"PropertyValueSpecification","valueRequired":true,"valueName":"search_term_string"}}],"inLanguage":"en-US"}]}},"publishpress_future_action":{"enabled":false,"date":"2026-04-12 06:27:04","action":"change-status","newStatus":"draft","terms":[],"taxonomy":"translation_priority"},"_links":{"self":[{"href":"https:\/\/rauschert.com\/en\/wp-json\/wp\/v2\/pages\/3868"}],"collection":[{"href":"https:\/\/rauschert.com\/en\/wp-json\/wp\/v2\/pages"}],"about":[{"href":"https:\/\/rauschert.com\/en\/wp-json\/wp\/v2\/types\/page"}],"author":[{"embeddable":true,"href":"https:\/\/rauschert.com\/en\/wp-json\/wp\/v2\/users\/3"}],"replies":[{"embeddable":true,"href":"https:\/\/rauschert.com\/en\/wp-json\/wp\/v2\/comments?post=3868"}],"version-history":[{"count":11,"href":"https:\/\/rauschert.com\/en\/wp-json\/wp\/v2\/pages\/3868\/revisions"}],"predecessor-version":[{"id":10377,"href":"https:\/\/rauschert.com\/en\/wp-json\/wp\/v2\/pages\/3868\/revisions\/10377"}],"up":[{"embeddable":true,"href":"https:\/\/rauschert.com\/en\/wp-json\/wp\/v2\/pages\/3426"}],"wp:attachment":[{"href":"https:\/\/rauschert.com\/en\/wp-json\/wp\/v2\/media?parent=3868"}],"curies":[{"name":"wp","href":"https:\/\/api.w.org\/{rel}","templated":true}]}}