{"id":3991,"date":"2018-09-27T11:34:52","date_gmt":"2018-09-27T09:34:52","guid":{"rendered":"https:\/\/rauschert.com\/product-area\/technical-ceramics\/products\/hochtemperaturkeramik\/"},"modified":"2022-11-11T14:08:00","modified_gmt":"2022-11-11T13:08:00","slug":"high-temperature-technology","status":"publish","type":"page","link":"https:\/\/rauschert.com\/en\/product-area\/technical-ceramics\/products\/high-temperature-technology\/","title":{"rendered":"High temperature technology"},"content":{"rendered":"<p><span style=\"font-size: 18pt; color: #f07d00;\">Bring on the fire, we can handle it<\/span><\/p>\n<p>The term &#8220;high temperature technology&#8221; basically comprises the three following material groups:<\/p>\n<dl>\n<dt><strong>Pyrolit<\/strong><\/dt>\n<dt>a cordierite ceramics e.g. for heat conductor supports,<br \/>\nmulti-hole tubes for air heaters or the foundry technology<\/dt>\n<dt><\/dt>\n<dt><strong><br \/>\nRapox<\/strong><\/dt>\n<dt>a sophisticated alumina ceramics, that made us the leading producer of sensor housings,<br \/>\nhigh voltage insulators and thermocouple tubes<\/dt>\n<dt><\/dt>\n<dt><strong><br \/>\nMgO<\/strong><\/dt>\n<dt>in terms of crushables e.g. for cartridge heaters or helical heaters<\/dt>\n<\/dl>\n<h4><\/h4>\n<p>&nbsp;<\/p>\n<h3>Pyrolit<\/h3>\n<div>\n<div>\n<div>\n<div class=\"ym-g50 ym-gl\">\n<div class=\"ym-gbox-left\">\n<p><span class=\"text_1\">Pyrolit is a cordierite ceramic which is employed wherever the operating temperature does not exceed 1,300 \u00b0C and where abrupt changes in temperature, so-called thermal shocks, occur. Differences in temperature of 1,000 \u00b0C in just a few seconds or even fractions of a second do not present a problem for this material<\/span>.<\/p>\n<\/div>\n<\/div>\n<p>Some fields of application, a.o.<\/p>\n<\/div>\n<\/div>\n<div>\n<div>\n<ul>\n<li style=\"list-style-type: none;\">\n<ul>\n<li style=\"list-style-type: none;\">\n<ul>\n<li>Furnace construction (heat conductor supports, pipes, burner nozzles)<\/li>\n<li>Hot air generators (multi-hole pipes, honeycombs)<\/li>\n<li>Heating element production (helical coil cartridges, cast-iron radiators)<\/li>\n<li>Foundry technology such as cast steel (immersion-type sensors, moulded parts for foundries, casting filters)<\/li>\n<li>Welding technology (Welding ceramics in the form of welding tubes, welding bars, welding chips)<\/li>\n<li>and many others<\/li>\n<\/ul>\n<\/li>\n<\/ul>\n<\/li>\n<\/ul>\n<\/div>\n<\/div>\n<\/div>\n<p><a href=\"https:\/\/rauschert.com\/en\/product-area\/technical-ceramics\/materials\/pyrolit-cordierit\/\" target=\"_blank\" rel=\"noopener noreferrer\">more information on PYROLIT<\/a><\/p>\n<p>&nbsp;<\/p>\n<h3>Rapox<\/h3>\n<div>\n<div>\n<div>\n<div class=\"ym-g50 ym-gl\">\n<div class=\"ym-gbox-left\">\n<p>Rapox is an aluminium oxide ceramics that can be applied at temperatures of up to 1,700 \u00b0C. It is characterised by a high degree of stability and a very high degree of heat resistance at the same time.<\/p>\n<\/div>\n<\/div>\n<\/div>\n<\/div>\n<div>\n<div>\n<p>Some fields of application a.o.<\/p>\n<ul>\n<li style=\"list-style-type: none;\">\n<ul>\n<li style=\"list-style-type: none;\">\n<ul>\n<li>all fields of application for Pyrolit that exceed 1,300 \u00b0C<\/li>\n<li>Sensor caps<\/li>\n<li>High voltage insulators<\/li>\n<li>Thermocouple tubes, thermocouple protection tubes (also closed on one side)<\/li>\n<li>Weld bead supports<\/li>\n<li>Crucibles and laboratory crucibles<\/li>\n<\/ul>\n<\/li>\n<\/ul>\n<\/li>\n<\/ul>\n<\/div>\n<\/div>\n<p><a href=\"https:\/\/rauschert.com\/en\/product-area\/technical-ceramics\/materials\/aluminium-oxide-rapox\/\" target=\"_blank\" rel=\"noopener noreferrer\">more information on RAPOX<\/a><\/p>\n<p>&nbsp;<\/p>\n<\/div>\n<h3>MgO (Magnesium oxide)<\/h3>\n<p>Magnesium oxide materials are ideal due to their high thermal conductivity and good electrical insulation properties, especially for applications in thermal engineering and temperature measurement.<\/p>\n<p>They are used in thermocouples as well as in various heating appliances. The porous MgO here insulates the heating elements from one another and the metal sheath, but at the same time ensures good thermal conductivity to the outside. The choice of MgO types is dependent on the application.<\/p>\n<p><a href=\"https:\/\/rauschert.com\/en\/product-area\/technical-ceramics\/materials\/magnesium-oxide\/\" target=\"_blank\" rel=\"noopener noreferrer\">more information on MgO<\/a><\/p>\n<p>&nbsp;<\/p>\n<p>We will be pleased to help you selecting the appropriate material!<\/p>\n","protected":false},"excerpt":{"rendered":"<p>Bring on the fire, we can handle it The term &#8220;high temperature technology&#8221; basically comprises the three following material groups: Pyrolit a cordierite ceramics e.g. for heat conductor supports, multi-hole tubes for air heaters or the foundry technology Rapox a sophisticated alumina ceramics, that made us the leading producer of sensor housings, high voltage insulators [&hellip;]<\/p>\n","protected":false},"author":4,"featured_media":0,"parent":297,"menu_order":7,"comment_status":"closed","ping_status":"closed","template":"template-product.php","meta":{"footnotes":""},"class_list":["post-3991","page","type-page","status-publish","hentry"],"acf":[],"yoast_head":"<!-- This site is optimized with the Yoast SEO plugin v23.4 - https:\/\/yoast.com\/wordpress\/plugins\/seo\/ -->\n<title>High temperature technology - Rauschert<\/title>\n<meta name=\"description\" content=\"Hochtemperaturfeste Keramiken von Rauschert bieten Ihnen die n\u00f6tige Unterst\u00fctzung f\u00fcr die hei\u00dfe Phase. Wo andere Materialien an Ihre Grenzen kommen, werden wir erst warm.\" \/>\n<meta name=\"robots\" content=\"index, follow, max-snippet:-1, max-image-preview:large, max-video-preview:-1\" \/>\n<link rel=\"canonical\" href=\"https:\/\/rauschert.com\/en\/product-area\/technical-ceramics\/products\/high-temperature-technology\/\" \/>\n<meta property=\"og:locale\" content=\"en_US\" \/>\n<meta property=\"og:type\" content=\"article\" \/>\n<meta property=\"og:title\" content=\"High temperature technology - Rauschert\" \/>\n<meta property=\"og:description\" content=\"Hochtemperaturfeste Keramiken von Rauschert bieten Ihnen die n\u00f6tige Unterst\u00fctzung f\u00fcr die hei\u00dfe Phase. Wo andere Materialien an Ihre Grenzen kommen, werden wir erst warm.\" \/>\n<meta property=\"og:url\" content=\"https:\/\/rauschert.com\/en\/product-area\/technical-ceramics\/products\/high-temperature-technology\/\" \/>\n<meta property=\"og:site_name\" content=\"Rauschert\" \/>\n<meta property=\"article:modified_time\" content=\"2022-11-11T13:08:00+00:00\" \/>\n<meta name=\"twitter:card\" content=\"summary_large_image\" \/>\n<meta name=\"twitter:label1\" content=\"Est. reading time\" \/>\n\t<meta name=\"twitter:data1\" content=\"2 minutes\" \/>\n<script type=\"application\/ld+json\" class=\"yoast-schema-graph\">{\"@context\":\"https:\/\/schema.org\",\"@graph\":[{\"@type\":\"WebPage\",\"@id\":\"https:\/\/rauschert.com\/en\/product-area\/technical-ceramics\/products\/high-temperature-technology\/\",\"url\":\"https:\/\/rauschert.com\/en\/product-area\/technical-ceramics\/products\/high-temperature-technology\/\",\"name\":\"High temperature technology - Rauschert\",\"isPartOf\":{\"@id\":\"https:\/\/rauschert.com\/en\/#website\"},\"datePublished\":\"2018-09-27T09:34:52+00:00\",\"dateModified\":\"2022-11-11T13:08:00+00:00\",\"description\":\"Hochtemperaturfeste Keramiken von Rauschert bieten Ihnen die n\u00f6tige Unterst\u00fctzung f\u00fcr die hei\u00dfe Phase. Wo andere Materialien an Ihre Grenzen kommen, werden wir erst warm.\",\"breadcrumb\":{\"@id\":\"https:\/\/rauschert.com\/en\/product-area\/technical-ceramics\/products\/high-temperature-technology\/#breadcrumb\"},\"inLanguage\":\"en-US\",\"potentialAction\":[{\"@type\":\"ReadAction\",\"target\":[\"https:\/\/rauschert.com\/en\/product-area\/technical-ceramics\/products\/high-temperature-technology\/\"]}]},{\"@type\":\"BreadcrumbList\",\"@id\":\"https:\/\/rauschert.com\/en\/product-area\/technical-ceramics\/products\/high-temperature-technology\/#breadcrumb\",\"itemListElement\":[{\"@type\":\"ListItem\",\"position\":1,\"name\":\"Home\",\"item\":\"https:\/\/rauschert.com\/en\/\"},{\"@type\":\"ListItem\",\"position\":2,\"name\":\"Product area\",\"item\":\"https:\/\/rauschert.com\/en\/product-area\/\"},{\"@type\":\"ListItem\",\"position\":3,\"name\":\"Technical Ceramics\",\"item\":\"https:\/\/rauschert.com\/en\/product-area\/technical-ceramics\/\"},{\"@type\":\"ListItem\",\"position\":4,\"name\":\"Products\",\"item\":\"https:\/\/rauschert.com\/en\/product-area\/technical-ceramics\/products\/\"},{\"@type\":\"ListItem\",\"position\":5,\"name\":\"High temperature technology\"}]},{\"@type\":\"WebSite\",\"@id\":\"https:\/\/rauschert.com\/en\/#website\",\"url\":\"https:\/\/rauschert.com\/en\/\",\"name\":\"Rauschert\",\"description\":\"\",\"potentialAction\":[{\"@type\":\"SearchAction\",\"target\":{\"@type\":\"EntryPoint\",\"urlTemplate\":\"https:\/\/rauschert.com\/en\/?s={search_term_string}\"},\"query-input\":{\"@type\":\"PropertyValueSpecification\",\"valueRequired\":true,\"valueName\":\"search_term_string\"}}],\"inLanguage\":\"en-US\"}]}<\/script>\n<!-- \/ Yoast SEO plugin. -->","yoast_head_json":{"title":"High temperature technology - Rauschert","description":"Hochtemperaturfeste Keramiken von Rauschert bieten Ihnen die n\u00f6tige Unterst\u00fctzung f\u00fcr die hei\u00dfe Phase. Wo andere Materialien an Ihre Grenzen kommen, werden wir erst warm.","robots":{"index":"index","follow":"follow","max-snippet":"max-snippet:-1","max-image-preview":"max-image-preview:large","max-video-preview":"max-video-preview:-1"},"canonical":"https:\/\/rauschert.com\/en\/product-area\/technical-ceramics\/products\/high-temperature-technology\/","og_locale":"en_US","og_type":"article","og_title":"High temperature technology - Rauschert","og_description":"Hochtemperaturfeste Keramiken von Rauschert bieten Ihnen die n\u00f6tige Unterst\u00fctzung f\u00fcr die hei\u00dfe Phase. Wo andere Materialien an Ihre Grenzen kommen, werden wir erst warm.","og_url":"https:\/\/rauschert.com\/en\/product-area\/technical-ceramics\/products\/high-temperature-technology\/","og_site_name":"Rauschert","article_modified_time":"2022-11-11T13:08:00+00:00","twitter_card":"summary_large_image","twitter_misc":{"Est. reading time":"2 minutes"},"schema":{"@context":"https:\/\/schema.org","@graph":[{"@type":"WebPage","@id":"https:\/\/rauschert.com\/en\/product-area\/technical-ceramics\/products\/high-temperature-technology\/","url":"https:\/\/rauschert.com\/en\/product-area\/technical-ceramics\/products\/high-temperature-technology\/","name":"High temperature technology - Rauschert","isPartOf":{"@id":"https:\/\/rauschert.com\/en\/#website"},"datePublished":"2018-09-27T09:34:52+00:00","dateModified":"2022-11-11T13:08:00+00:00","description":"Hochtemperaturfeste Keramiken von Rauschert bieten Ihnen die n\u00f6tige Unterst\u00fctzung f\u00fcr die hei\u00dfe Phase. Wo andere Materialien an Ihre Grenzen kommen, werden wir erst warm.","breadcrumb":{"@id":"https:\/\/rauschert.com\/en\/product-area\/technical-ceramics\/products\/high-temperature-technology\/#breadcrumb"},"inLanguage":"en-US","potentialAction":[{"@type":"ReadAction","target":["https:\/\/rauschert.com\/en\/product-area\/technical-ceramics\/products\/high-temperature-technology\/"]}]},{"@type":"BreadcrumbList","@id":"https:\/\/rauschert.com\/en\/product-area\/technical-ceramics\/products\/high-temperature-technology\/#breadcrumb","itemListElement":[{"@type":"ListItem","position":1,"name":"Home","item":"https:\/\/rauschert.com\/en\/"},{"@type":"ListItem","position":2,"name":"Product area","item":"https:\/\/rauschert.com\/en\/product-area\/"},{"@type":"ListItem","position":3,"name":"Technical Ceramics","item":"https:\/\/rauschert.com\/en\/product-area\/technical-ceramics\/"},{"@type":"ListItem","position":4,"name":"Products","item":"https:\/\/rauschert.com\/en\/product-area\/technical-ceramics\/products\/"},{"@type":"ListItem","position":5,"name":"High temperature technology"}]},{"@type":"WebSite","@id":"https:\/\/rauschert.com\/en\/#website","url":"https:\/\/rauschert.com\/en\/","name":"Rauschert","description":"","potentialAction":[{"@type":"SearchAction","target":{"@type":"EntryPoint","urlTemplate":"https:\/\/rauschert.com\/en\/?s={search_term_string}"},"query-input":{"@type":"PropertyValueSpecification","valueRequired":true,"valueName":"search_term_string"}}],"inLanguage":"en-US"}]}},"publishpress_future_action":{"enabled":false,"date":"2026-04-30 20:16:43","action":"change-status","newStatus":"draft","terms":[],"taxonomy":"translation_priority"},"_links":{"self":[{"href":"https:\/\/rauschert.com\/en\/wp-json\/wp\/v2\/pages\/3991"}],"collection":[{"href":"https:\/\/rauschert.com\/en\/wp-json\/wp\/v2\/pages"}],"about":[{"href":"https:\/\/rauschert.com\/en\/wp-json\/wp\/v2\/types\/page"}],"author":[{"embeddable":true,"href":"https:\/\/rauschert.com\/en\/wp-json\/wp\/v2\/users\/4"}],"replies":[{"embeddable":true,"href":"https:\/\/rauschert.com\/en\/wp-json\/wp\/v2\/comments?post=3991"}],"version-history":[{"count":7,"href":"https:\/\/rauschert.com\/en\/wp-json\/wp\/v2\/pages\/3991\/revisions"}],"predecessor-version":[{"id":10996,"href":"https:\/\/rauschert.com\/en\/wp-json\/wp\/v2\/pages\/3991\/revisions\/10996"}],"up":[{"embeddable":true,"href":"https:\/\/rauschert.com\/en\/wp-json\/wp\/v2\/pages\/297"}],"wp:attachment":[{"href":"https:\/\/rauschert.com\/en\/wp-json\/wp\/v2\/media?parent=3991"}],"curies":[{"name":"wp","href":"https:\/\/api.w.org\/{rel}","templated":true}]}}