{"id":4005,"date":"2018-09-27T11:41:35","date_gmt":"2018-09-27T09:41:35","guid":{"rendered":"https:\/\/rauschert.com\/product-area\/technical-ceramics\/products\/schweisskeramik\/"},"modified":"2022-11-11T14:06:38","modified_gmt":"2022-11-11T13:06:38","slug":"welding-technology","status":"publish","type":"page","link":"https:\/\/rauschert.com\/en\/product-area\/technical-ceramics\/products\/welding-technology\/","title":{"rendered":"Welding technology"},"content":{"rendered":"<div class=\"ym-grid linearize-level-1\">\n<div class=\"ym-g50 ym-gl\">\n<div class=\"ym-gbox-left\">\n<p><span style=\"font-size: 18pt; color: #f07d00;\"><span class=\"tlid-translation translation\" lang=\"en\"><span class=\"\" title=\"\">For the right cohesion &#8211; Welding technology of the highest quality<\/span><\/span><\/span><\/p>\n<p><strong>Welding pads, loose or customised<\/strong><\/p>\n<ul>\n<li style=\"list-style-type: none;\">\n<ul>\n<li style=\"list-style-type: none;\">\n<ul>\n<li>So-called welding chips or bars<br \/>\nmade predominantly of the material cordierite C410 and C520<\/li>\n<li>Welding and soldering pads<br \/>\nmade of alumina C786; honed and polished for high demands<\/li>\n<li>Customised welding pads<br \/>\nare made of welding chips which are stuck on double-sided adhesive tape, and thus customised ready for use in shipbuilding, for example.<\/li>\n<\/ul>\n<\/li>\n<\/ul>\n<\/li>\n<\/ul>\n<\/div>\n<\/div>\n<div class=\"ym-g50 ym-gr\">\n<div class=\"ym-gbox-right\">\n<p><strong><br \/>\nWelding tubes and sector parts for resistance welding<br \/>\n<\/strong><\/p>\n<ul>\n<li style=\"list-style-type: none;\">\n<ul>\n<li style=\"list-style-type: none;\">\n<ul>\n<li>For resistance welding made of the materials cordierite C410 and C520. Also made of aluminium oxide for very high-grade applications, e.g. welding bead supports.<\/li>\n<\/ul>\n<\/li>\n<\/ul>\n<\/li>\n<\/ul>\n<p><strong><br \/>\nWeld studs<br \/>\n<\/strong><\/p>\n<ul>\n<li style=\"list-style-type: none;\">\n<ul>\n<li style=\"list-style-type: none;\">\n<ul>\n<li>made of zirconium oxide<\/li>\n<li>for the most sophisticated applications: made of silicone nitride<\/li>\n<li>alternatively: ceramic-coated metal parts<\/li>\n<\/ul>\n<\/li>\n<\/ul>\n<\/li>\n<\/ul>\n<div id=\"werkstoffe\" class=\"accordion-body rl_sliders-body nn_sliders-body in collapse\" role=\"region\" aria-labelledby=\"slider-werkstoffe\" aria-hidden=\"false\" aria-selected=\"true\">\n<div class=\"accordion-inner panel-body\">\n<h2><\/h2>\n<h3>Materials<\/h3>\n<p>Depending on the application, various materials may be used:<\/p>\n<ul>\n<li style=\"list-style-type: none;\">\n<ul>\n<li style=\"list-style-type: none;\">\n<ul>\n<li><strong>Cordierite C520:<\/strong> outstanding resistance to thermal shock; porous; low-priced<\/li>\n<li><strong>Cordierite C410:<\/strong> outstanding resistance to thermal shock; dense; low-priced<\/li>\n<li><strong>Aluminium oxide Al<sub>2<\/sub>O<sub>3<\/sub>:<\/strong> high mechanical strength; high surface quality; extremely high heat resistance<\/li>\n<li><strong>Zirconium oxide ZrO<sub>2<\/sub>:<\/strong> extremly high mechanical strength; high surface quality<\/li>\n<li><strong> Silicon nitride Si<sub>3<\/sub>N<sub>4<\/sub>:<\/strong> very high mechanical strength; age-resistant; for the highest demands<\/li>\n<\/ul>\n<\/li>\n<\/ul>\n<\/li>\n<\/ul>\n<\/div>\n<\/div>\n<\/div>\n<\/div>\n<\/div>\n","protected":false},"excerpt":{"rendered":"<p>For the right cohesion &#8211; Welding technology of the highest quality Welding pads, loose or customised So-called welding chips or bars made predominantly of the material cordierite C410 and C520 Welding and soldering pads made of alumina C786; honed and polished for high demands Customised welding pads are made of welding chips which are stuck [&hellip;]<\/p>\n","protected":false},"author":4,"featured_media":0,"parent":297,"menu_order":14,"comment_status":"closed","ping_status":"closed","template":"template-product.php","meta":{"footnotes":""},"class_list":["post-4005","page","type-page","status-publish","hentry"],"acf":[],"yoast_head":"<!-- This site is optimized with the Yoast SEO plugin v23.4 - https:\/\/yoast.com\/wordpress\/plugins\/seo\/ -->\n<title>Welding technology - Rauschert<\/title>\n<meta name=\"description\" content=\"F\u00fcr den richtigen Zusammenhalt. Schwei\u00dftechnik von h\u00f6chster Qualit\u00e4t\" \/>\n<meta name=\"robots\" content=\"index, follow, max-snippet:-1, max-image-preview:large, max-video-preview:-1\" \/>\n<link rel=\"canonical\" href=\"https:\/\/rauschert.com\/en\/product-area\/technical-ceramics\/products\/welding-technology\/\" \/>\n<meta property=\"og:locale\" content=\"en_US\" \/>\n<meta property=\"og:type\" content=\"article\" \/>\n<meta property=\"og:title\" content=\"Welding technology - Rauschert\" \/>\n<meta property=\"og:description\" content=\"F\u00fcr den richtigen Zusammenhalt. Schwei\u00dftechnik von h\u00f6chster Qualit\u00e4t\" \/>\n<meta property=\"og:url\" content=\"https:\/\/rauschert.com\/en\/product-area\/technical-ceramics\/products\/welding-technology\/\" \/>\n<meta property=\"og:site_name\" content=\"Rauschert\" \/>\n<meta property=\"article:modified_time\" content=\"2022-11-11T13:06:38+00:00\" \/>\n<meta name=\"twitter:card\" content=\"summary_large_image\" \/>\n<meta name=\"twitter:label1\" content=\"Est. reading time\" \/>\n\t<meta name=\"twitter:data1\" content=\"1 minute\" \/>\n<script type=\"application\/ld+json\" class=\"yoast-schema-graph\">{\"@context\":\"https:\/\/schema.org\",\"@graph\":[{\"@type\":\"WebPage\",\"@id\":\"https:\/\/rauschert.com\/en\/product-area\/technical-ceramics\/products\/welding-technology\/\",\"url\":\"https:\/\/rauschert.com\/en\/product-area\/technical-ceramics\/products\/welding-technology\/\",\"name\":\"Welding technology - Rauschert\",\"isPartOf\":{\"@id\":\"https:\/\/rauschert.com\/en\/#website\"},\"datePublished\":\"2018-09-27T09:41:35+00:00\",\"dateModified\":\"2022-11-11T13:06:38+00:00\",\"description\":\"F\u00fcr den richtigen Zusammenhalt. Schwei\u00dftechnik von h\u00f6chster Qualit\u00e4t\",\"breadcrumb\":{\"@id\":\"https:\/\/rauschert.com\/en\/product-area\/technical-ceramics\/products\/welding-technology\/#breadcrumb\"},\"inLanguage\":\"en-US\",\"potentialAction\":[{\"@type\":\"ReadAction\",\"target\":[\"https:\/\/rauschert.com\/en\/product-area\/technical-ceramics\/products\/welding-technology\/\"]}]},{\"@type\":\"BreadcrumbList\",\"@id\":\"https:\/\/rauschert.com\/en\/product-area\/technical-ceramics\/products\/welding-technology\/#breadcrumb\",\"itemListElement\":[{\"@type\":\"ListItem\",\"position\":1,\"name\":\"Home\",\"item\":\"https:\/\/rauschert.com\/en\/\"},{\"@type\":\"ListItem\",\"position\":2,\"name\":\"Product area\",\"item\":\"https:\/\/rauschert.com\/en\/product-area\/\"},{\"@type\":\"ListItem\",\"position\":3,\"name\":\"Technical Ceramics\",\"item\":\"https:\/\/rauschert.com\/en\/product-area\/technical-ceramics\/\"},{\"@type\":\"ListItem\",\"position\":4,\"name\":\"Products\",\"item\":\"https:\/\/rauschert.com\/en\/product-area\/technical-ceramics\/products\/\"},{\"@type\":\"ListItem\",\"position\":5,\"name\":\"Welding technology\"}]},{\"@type\":\"WebSite\",\"@id\":\"https:\/\/rauschert.com\/en\/#website\",\"url\":\"https:\/\/rauschert.com\/en\/\",\"name\":\"Rauschert\",\"description\":\"\",\"potentialAction\":[{\"@type\":\"SearchAction\",\"target\":{\"@type\":\"EntryPoint\",\"urlTemplate\":\"https:\/\/rauschert.com\/en\/?s={search_term_string}\"},\"query-input\":{\"@type\":\"PropertyValueSpecification\",\"valueRequired\":true,\"valueName\":\"search_term_string\"}}],\"inLanguage\":\"en-US\"}]}<\/script>\n<!-- \/ Yoast SEO plugin. -->","yoast_head_json":{"title":"Welding technology - Rauschert","description":"F\u00fcr den richtigen Zusammenhalt. Schwei\u00dftechnik von h\u00f6chster Qualit\u00e4t","robots":{"index":"index","follow":"follow","max-snippet":"max-snippet:-1","max-image-preview":"max-image-preview:large","max-video-preview":"max-video-preview:-1"},"canonical":"https:\/\/rauschert.com\/en\/product-area\/technical-ceramics\/products\/welding-technology\/","og_locale":"en_US","og_type":"article","og_title":"Welding technology - Rauschert","og_description":"F\u00fcr den richtigen Zusammenhalt. Schwei\u00dftechnik von h\u00f6chster Qualit\u00e4t","og_url":"https:\/\/rauschert.com\/en\/product-area\/technical-ceramics\/products\/welding-technology\/","og_site_name":"Rauschert","article_modified_time":"2022-11-11T13:06:38+00:00","twitter_card":"summary_large_image","twitter_misc":{"Est. reading time":"1 minute"},"schema":{"@context":"https:\/\/schema.org","@graph":[{"@type":"WebPage","@id":"https:\/\/rauschert.com\/en\/product-area\/technical-ceramics\/products\/welding-technology\/","url":"https:\/\/rauschert.com\/en\/product-area\/technical-ceramics\/products\/welding-technology\/","name":"Welding technology - Rauschert","isPartOf":{"@id":"https:\/\/rauschert.com\/en\/#website"},"datePublished":"2018-09-27T09:41:35+00:00","dateModified":"2022-11-11T13:06:38+00:00","description":"F\u00fcr den richtigen Zusammenhalt. Schwei\u00dftechnik von h\u00f6chster Qualit\u00e4t","breadcrumb":{"@id":"https:\/\/rauschert.com\/en\/product-area\/technical-ceramics\/products\/welding-technology\/#breadcrumb"},"inLanguage":"en-US","potentialAction":[{"@type":"ReadAction","target":["https:\/\/rauschert.com\/en\/product-area\/technical-ceramics\/products\/welding-technology\/"]}]},{"@type":"BreadcrumbList","@id":"https:\/\/rauschert.com\/en\/product-area\/technical-ceramics\/products\/welding-technology\/#breadcrumb","itemListElement":[{"@type":"ListItem","position":1,"name":"Home","item":"https:\/\/rauschert.com\/en\/"},{"@type":"ListItem","position":2,"name":"Product area","item":"https:\/\/rauschert.com\/en\/product-area\/"},{"@type":"ListItem","position":3,"name":"Technical Ceramics","item":"https:\/\/rauschert.com\/en\/product-area\/technical-ceramics\/"},{"@type":"ListItem","position":4,"name":"Products","item":"https:\/\/rauschert.com\/en\/product-area\/technical-ceramics\/products\/"},{"@type":"ListItem","position":5,"name":"Welding technology"}]},{"@type":"WebSite","@id":"https:\/\/rauschert.com\/en\/#website","url":"https:\/\/rauschert.com\/en\/","name":"Rauschert","description":"","potentialAction":[{"@type":"SearchAction","target":{"@type":"EntryPoint","urlTemplate":"https:\/\/rauschert.com\/en\/?s={search_term_string}"},"query-input":{"@type":"PropertyValueSpecification","valueRequired":true,"valueName":"search_term_string"}}],"inLanguage":"en-US"}]}},"publishpress_future_action":{"enabled":false,"date":"2026-04-23 01:35:37","action":"change-status","newStatus":"draft","terms":[],"taxonomy":"translation_priority"},"_links":{"self":[{"href":"https:\/\/rauschert.com\/en\/wp-json\/wp\/v2\/pages\/4005"}],"collection":[{"href":"https:\/\/rauschert.com\/en\/wp-json\/wp\/v2\/pages"}],"about":[{"href":"https:\/\/rauschert.com\/en\/wp-json\/wp\/v2\/types\/page"}],"author":[{"embeddable":true,"href":"https:\/\/rauschert.com\/en\/wp-json\/wp\/v2\/users\/4"}],"replies":[{"embeddable":true,"href":"https:\/\/rauschert.com\/en\/wp-json\/wp\/v2\/comments?post=4005"}],"version-history":[{"count":7,"href":"https:\/\/rauschert.com\/en\/wp-json\/wp\/v2\/pages\/4005\/revisions"}],"predecessor-version":[{"id":10995,"href":"https:\/\/rauschert.com\/en\/wp-json\/wp\/v2\/pages\/4005\/revisions\/10995"}],"up":[{"embeddable":true,"href":"https:\/\/rauschert.com\/en\/wp-json\/wp\/v2\/pages\/297"}],"wp:attachment":[{"href":"https:\/\/rauschert.com\/en\/wp-json\/wp\/v2\/media?parent=4005"}],"curies":[{"name":"wp","href":"https:\/\/api.w.org\/{rel}","templated":true}]}}