{"id":4247,"date":"2020-02-11T11:55:53","date_gmt":"2020-02-11T10:55:53","guid":{"rendered":"https:\/\/rauschert.com\/?page_id=4247"},"modified":"2020-02-27T17:48:21","modified_gmt":"2020-02-27T16:48:21","slug":"engineering-technology","status":"publish","type":"page","link":"https:\/\/rauschert.com\/en\/product-area\/technical-ceramics\/products\/engineering-technology\/","title":{"rendered":"Engineering technology"},"content":{"rendered":"<p><span style=\"font-size: 18pt; color: #f07d00;\">Ceramics for machine engineering and plant engineering by Rauschert<\/span><\/p>\n<h3>We offer you<\/h3>\n<ul>\n<li style=\"list-style-type: none;\">\n<ul>\n<li>Ceramic guiding elements and deflection elements for wear protection<\/li>\n<li>Micro-injection moulded parts (\u00b5-CIM) for wear protection and electrical isolation in small spaces<\/li>\n<li>Lever collars, sealing and bearing elements made of ceramics<\/li>\n<li>Ceramic components for electrical and thermal insulation<\/li>\n<li>Ceramic coating of metal parts<\/li>\n<\/ul>\n<\/li>\n<\/ul>\n<div class=\"ym-grid linearize-level-1\">\n<div class=\"ym-g50 ym-gl\">\n<div class=\"ym-gbox-left\">\n<p><strong>Prototyping in 3-D-precision<\/strong><\/p>\n<ul>\n<li style=\"list-style-type: none;\">\n<ul>\n<li>3-dimensional cavities<\/li>\n<li>Holes with D = 0,5 mm<\/li>\n<li>Ra &lt; 0,2 \u00b5m on bent surfaces<\/li>\n<\/ul>\n<\/li>\n<\/ul>\n<p><strong>In-house toolmaking<\/strong><\/p>\n<ul>\n<li style=\"list-style-type: none;\">\n<ul>\n<li>In each of our factories, technical ceramics has many years of in-depth experience and know-how in toolmaking.<\/li>\n<li>The construction is done with Solid Works and Esprit.<\/li>\n<\/ul>\n<\/li>\n<\/ul>\n<\/div>\n<\/div>\n<div class=\"ym-g50 ym-gr\">\n<div class=\"ym-gbox-right\">\n<p><strong>Engineering and consulting<\/strong><\/p>\n<ul>\n<li style=\"list-style-type: none;\">\n<ul>\n<li>Shared preparation of customer-specific solutions with experienced staff from sales and production on site<\/li>\n<\/ul>\n<\/li>\n<\/ul>\n<p><strong>International manufacturing network<\/strong><\/p>\n<ul>\n<li style=\"list-style-type: none;\">\n<ul>\n<li>German<\/li>\n<li>Poland<\/li>\n<li>Czech Republic<\/li>\n<li>India<\/li>\n<li>China<\/li>\n<\/ul>\n<\/li>\n<\/ul>\n<\/div>\n<\/div>\n<div id=\"werkstoffe\" class=\"accordion-body rl_sliders-body nn_sliders-body in collapse\" role=\"region\" aria-labelledby=\"slider-werkstoffe\" aria-hidden=\"false\" aria-selected=\"true\">\n<div class=\"accordion-inner panel-body\">\n<h3><\/h3>\n<h3 class=\"rl_sliders-title nn_sliders-title\">Materials<\/h3>\n<ul>\n<li>Aluminium oxide RAPAL <a href=\"https:\/\/rauschert.com\/en\/product-area\/technical-ceramics\/materials\/aluminum-oxide-rapal\/\">more information<\/a>&#8230;<\/li>\n<li>Zirconia M and Zirconia Y <a href=\"https:\/\/rauschert.com\/en\/product-area\/technical-ceramics\/materials\/zirconium-oxide\/\">more information<\/a>&#8230;<\/li>\n<li>Zirconia toughened alumina <a href=\"https:\/\/rauschert.com\/en\/product-area\/technical-ceramics\/materials\/rapal-200-az\/\">more information<\/a>&#8230;<\/li>\n<li>Silicon nitride<\/li>\n<\/ul>\n<p>Also as hybrid components in combination with plastic and metal components.<\/p>\n<\/div>\n<\/div>\n<\/div>\n","protected":false},"excerpt":{"rendered":"<p>Ceramics for machine engineering and plant engineering by Rauschert We offer you Ceramic guiding elements and deflection elements for wear protection Micro-injection moulded parts (\u00b5-CIM) for wear protection and electrical isolation in small spaces Lever collars, sealing and bearing elements made of ceramics Ceramic components for electrical and thermal insulation Ceramic coating of metal parts [&hellip;]<\/p>\n","protected":false},"author":4,"featured_media":0,"parent":297,"menu_order":6,"comment_status":"closed","ping_status":"closed","template":"template-product.php","meta":{"footnotes":""},"class_list":["post-4247","page","type-page","status-publish","hentry"],"acf":[],"yoast_head":"<!-- This site is optimized with the Yoast SEO plugin v23.4 - https:\/\/yoast.com\/wordpress\/plugins\/seo\/ -->\n<title>Engineering technology - Rauschert<\/title>\n<meta name=\"description\" content=\"Keramische Qualit\u00e4t f\u00fcr den Maschinen- und Anlagenbau von Rauschert bietet Ihnen einen Effizienzvorteil durch geringere Ausfallraten und h\u00f6here Standzeiten\" \/>\n<meta name=\"robots\" content=\"index, follow, max-snippet:-1, max-image-preview:large, max-video-preview:-1\" \/>\n<link rel=\"canonical\" href=\"https:\/\/rauschert.com\/en\/product-area\/technical-ceramics\/products\/engineering-technology\/\" \/>\n<meta property=\"og:locale\" content=\"en_US\" \/>\n<meta property=\"og:type\" content=\"article\" \/>\n<meta property=\"og:title\" content=\"Engineering technology - Rauschert\" \/>\n<meta property=\"og:description\" content=\"Keramische Qualit\u00e4t f\u00fcr den Maschinen- und Anlagenbau von Rauschert bietet Ihnen einen Effizienzvorteil durch geringere Ausfallraten und h\u00f6here Standzeiten\" \/>\n<meta property=\"og:url\" content=\"https:\/\/rauschert.com\/en\/product-area\/technical-ceramics\/products\/engineering-technology\/\" \/>\n<meta property=\"og:site_name\" content=\"Rauschert\" \/>\n<meta property=\"article:modified_time\" content=\"2020-02-27T16:48:21+00:00\" \/>\n<meta name=\"twitter:card\" content=\"summary_large_image\" \/>\n<meta name=\"twitter:label1\" content=\"Est. reading time\" \/>\n\t<meta name=\"twitter:data1\" content=\"1 minute\" \/>\n<script type=\"application\/ld+json\" class=\"yoast-schema-graph\">{\"@context\":\"https:\/\/schema.org\",\"@graph\":[{\"@type\":\"WebPage\",\"@id\":\"https:\/\/rauschert.com\/en\/product-area\/technical-ceramics\/products\/engineering-technology\/\",\"url\":\"https:\/\/rauschert.com\/en\/product-area\/technical-ceramics\/products\/engineering-technology\/\",\"name\":\"Engineering technology - Rauschert\",\"isPartOf\":{\"@id\":\"https:\/\/rauschert.com\/en\/#website\"},\"datePublished\":\"2020-02-11T10:55:53+00:00\",\"dateModified\":\"2020-02-27T16:48:21+00:00\",\"description\":\"Keramische Qualit\u00e4t f\u00fcr den Maschinen- und Anlagenbau von Rauschert bietet Ihnen einen Effizienzvorteil durch geringere Ausfallraten und h\u00f6here Standzeiten\",\"breadcrumb\":{\"@id\":\"https:\/\/rauschert.com\/en\/product-area\/technical-ceramics\/products\/engineering-technology\/#breadcrumb\"},\"inLanguage\":\"en-US\",\"potentialAction\":[{\"@type\":\"ReadAction\",\"target\":[\"https:\/\/rauschert.com\/en\/product-area\/technical-ceramics\/products\/engineering-technology\/\"]}]},{\"@type\":\"BreadcrumbList\",\"@id\":\"https:\/\/rauschert.com\/en\/product-area\/technical-ceramics\/products\/engineering-technology\/#breadcrumb\",\"itemListElement\":[{\"@type\":\"ListItem\",\"position\":1,\"name\":\"Home\",\"item\":\"https:\/\/rauschert.com\/en\/\"},{\"@type\":\"ListItem\",\"position\":2,\"name\":\"Product area\",\"item\":\"https:\/\/rauschert.com\/en\/product-area\/\"},{\"@type\":\"ListItem\",\"position\":3,\"name\":\"Technical Ceramics\",\"item\":\"https:\/\/rauschert.com\/en\/product-area\/technical-ceramics\/\"},{\"@type\":\"ListItem\",\"position\":4,\"name\":\"Products\",\"item\":\"https:\/\/rauschert.com\/en\/product-area\/technical-ceramics\/products\/\"},{\"@type\":\"ListItem\",\"position\":5,\"name\":\"Engineering technology\"}]},{\"@type\":\"WebSite\",\"@id\":\"https:\/\/rauschert.com\/en\/#website\",\"url\":\"https:\/\/rauschert.com\/en\/\",\"name\":\"Rauschert\",\"description\":\"\",\"potentialAction\":[{\"@type\":\"SearchAction\",\"target\":{\"@type\":\"EntryPoint\",\"urlTemplate\":\"https:\/\/rauschert.com\/en\/?s={search_term_string}\"},\"query-input\":{\"@type\":\"PropertyValueSpecification\",\"valueRequired\":true,\"valueName\":\"search_term_string\"}}],\"inLanguage\":\"en-US\"}]}<\/script>\n<!-- \/ Yoast SEO plugin. -->","yoast_head_json":{"title":"Engineering technology - Rauschert","description":"Keramische Qualit\u00e4t f\u00fcr den Maschinen- und Anlagenbau von Rauschert bietet Ihnen einen Effizienzvorteil durch geringere Ausfallraten und h\u00f6here Standzeiten","robots":{"index":"index","follow":"follow","max-snippet":"max-snippet:-1","max-image-preview":"max-image-preview:large","max-video-preview":"max-video-preview:-1"},"canonical":"https:\/\/rauschert.com\/en\/product-area\/technical-ceramics\/products\/engineering-technology\/","og_locale":"en_US","og_type":"article","og_title":"Engineering technology - Rauschert","og_description":"Keramische Qualit\u00e4t f\u00fcr den Maschinen- und Anlagenbau von Rauschert bietet Ihnen einen Effizienzvorteil durch geringere Ausfallraten und h\u00f6here Standzeiten","og_url":"https:\/\/rauschert.com\/en\/product-area\/technical-ceramics\/products\/engineering-technology\/","og_site_name":"Rauschert","article_modified_time":"2020-02-27T16:48:21+00:00","twitter_card":"summary_large_image","twitter_misc":{"Est. reading time":"1 minute"},"schema":{"@context":"https:\/\/schema.org","@graph":[{"@type":"WebPage","@id":"https:\/\/rauschert.com\/en\/product-area\/technical-ceramics\/products\/engineering-technology\/","url":"https:\/\/rauschert.com\/en\/product-area\/technical-ceramics\/products\/engineering-technology\/","name":"Engineering technology - Rauschert","isPartOf":{"@id":"https:\/\/rauschert.com\/en\/#website"},"datePublished":"2020-02-11T10:55:53+00:00","dateModified":"2020-02-27T16:48:21+00:00","description":"Keramische Qualit\u00e4t f\u00fcr den Maschinen- und Anlagenbau von Rauschert bietet Ihnen einen Effizienzvorteil durch geringere Ausfallraten und h\u00f6here Standzeiten","breadcrumb":{"@id":"https:\/\/rauschert.com\/en\/product-area\/technical-ceramics\/products\/engineering-technology\/#breadcrumb"},"inLanguage":"en-US","potentialAction":[{"@type":"ReadAction","target":["https:\/\/rauschert.com\/en\/product-area\/technical-ceramics\/products\/engineering-technology\/"]}]},{"@type":"BreadcrumbList","@id":"https:\/\/rauschert.com\/en\/product-area\/technical-ceramics\/products\/engineering-technology\/#breadcrumb","itemListElement":[{"@type":"ListItem","position":1,"name":"Home","item":"https:\/\/rauschert.com\/en\/"},{"@type":"ListItem","position":2,"name":"Product area","item":"https:\/\/rauschert.com\/en\/product-area\/"},{"@type":"ListItem","position":3,"name":"Technical Ceramics","item":"https:\/\/rauschert.com\/en\/product-area\/technical-ceramics\/"},{"@type":"ListItem","position":4,"name":"Products","item":"https:\/\/rauschert.com\/en\/product-area\/technical-ceramics\/products\/"},{"@type":"ListItem","position":5,"name":"Engineering technology"}]},{"@type":"WebSite","@id":"https:\/\/rauschert.com\/en\/#website","url":"https:\/\/rauschert.com\/en\/","name":"Rauschert","description":"","potentialAction":[{"@type":"SearchAction","target":{"@type":"EntryPoint","urlTemplate":"https:\/\/rauschert.com\/en\/?s={search_term_string}"},"query-input":{"@type":"PropertyValueSpecification","valueRequired":true,"valueName":"search_term_string"}}],"inLanguage":"en-US"}]}},"publishpress_future_action":{"enabled":false,"date":"2026-04-30 20:16:07","action":"change-status","newStatus":"draft","terms":[],"taxonomy":"translation_priority"},"_links":{"self":[{"href":"https:\/\/rauschert.com\/en\/wp-json\/wp\/v2\/pages\/4247"}],"collection":[{"href":"https:\/\/rauschert.com\/en\/wp-json\/wp\/v2\/pages"}],"about":[{"href":"https:\/\/rauschert.com\/en\/wp-json\/wp\/v2\/types\/page"}],"author":[{"embeddable":true,"href":"https:\/\/rauschert.com\/en\/wp-json\/wp\/v2\/users\/4"}],"replies":[{"embeddable":true,"href":"https:\/\/rauschert.com\/en\/wp-json\/wp\/v2\/comments?post=4247"}],"version-history":[{"count":5,"href":"https:\/\/rauschert.com\/en\/wp-json\/wp\/v2\/pages\/4247\/revisions"}],"predecessor-version":[{"id":8885,"href":"https:\/\/rauschert.com\/en\/wp-json\/wp\/v2\/pages\/4247\/revisions\/8885"}],"up":[{"embeddable":true,"href":"https:\/\/rauschert.com\/en\/wp-json\/wp\/v2\/pages\/297"}],"wp:attachment":[{"href":"https:\/\/rauschert.com\/en\/wp-json\/wp\/v2\/media?parent=4247"}],"curies":[{"name":"wp","href":"https:\/\/api.w.org\/{rel}","templated":true}]}}