{"id":4305,"date":"2019-07-19T15:52:41","date_gmt":"2019-07-19T13:52:41","guid":{"rendered":"https:\/\/rauschert.com\/?page_id=4305"},"modified":"2021-01-08T10:34:14","modified_gmt":"2021-01-08T09:34:14","slug":"electrical-engineering","status":"publish","type":"page","link":"https:\/\/rauschert.com\/en\/product-area\/technical-ceramics\/products\/electrical-engineering\/","title":{"rendered":"Electrical engineering"},"content":{"rendered":"<p><span style=\"font-size: 18pt; color: #f07d00;\">Well insulated at any time<br \/>\n<\/span><\/p>\n<h3>Programme<\/h3>\n<p>Our programme comprises components for&#8230;<\/p>\n<div class=\"row\"><div class=\"col s12 m4\">\n<img loading=\"lazy\" decoding=\"async\" class=\"size-medium wp-image-2275 alignnone\" src=\"https:\/\/rauschert.com\/wp-content\/uploads\/2017\/12\/Elektrokeramik_NH-K\u00f6rper-Sicherungsk\u00f6rper-Isolatoren-300x300.jpg\" alt=\"\" width=\"300\" height=\"300\" srcset=\"https:\/\/rauschert.com\/wp-content\/uploads\/2017\/12\/Elektrokeramik_NH-K\u00f6rper-Sicherungsk\u00f6rper-Isolatoren-300x300.jpg 300w, https:\/\/rauschert.com\/wp-content\/uploads\/2017\/12\/Elektrokeramik_NH-K\u00f6rper-Sicherungsk\u00f6rper-Isolatoren-150x150.jpg 150w, https:\/\/rauschert.com\/wp-content\/uploads\/2017\/12\/Elektrokeramik_NH-K\u00f6rper-Sicherungsk\u00f6rper-Isolatoren-768x768.jpg 768w, https:\/\/rauschert.com\/wp-content\/uploads\/2017\/12\/Elektrokeramik_NH-K\u00f6rper-Sicherungsk\u00f6rper-Isolatoren-1024x1024.jpg 1024w, https:\/\/rauschert.com\/wp-content\/uploads\/2017\/12\/Elektrokeramik_NH-K\u00f6rper-Sicherungsk\u00f6rper-Isolatoren-600x600.jpg 600w, https:\/\/rauschert.com\/wp-content\/uploads\/2017\/12\/Elektrokeramik_NH-K\u00f6rper-Sicherungsk\u00f6rper-Isolatoren-992x992.jpg 992w, https:\/\/rauschert.com\/wp-content\/uploads\/2017\/12\/Elektrokeramik_NH-K\u00f6rper-Sicherungsk\u00f6rper-Isolatoren-1200x1200.jpg 1200w\" sizes=\"(max-width: 300px) 100vw, 300px\" \/><\/p>\n<\/div>\n<div class=\"col s12 m8\">\n<p><strong>&#8230;fuses<br \/>\n<\/strong>\u2022 NH fuses<br \/>\n\u2022 DIN fuses<br \/>\n\u2022 fuse tubes<br \/>\n\u2022 chamber plates<\/p>\n<p><strong>&#8230; resistors<br \/>\n<\/strong>\u2022 profiled bodies<br \/>\n\u2022 solid bodies<br \/>\n\u2022 steel coils<br \/>\n\u2022 spiral pipes<\/p>\n<p>&nbsp;<\/p>\n<\/div>\n<\/div>\n<div class=\"row\"><div class=\"col s12 m4\">\n<strong><img loading=\"lazy\" decoding=\"async\" class=\"size-medium wp-image-2276 alignnone\" src=\"https:\/\/rauschert.com\/wp-content\/uploads\/2018\/11\/02-300x300.jpg\" alt=\"\" width=\"300\" height=\"300\" srcset=\"https:\/\/rauschert.com\/wp-content\/uploads\/2018\/11\/02-300x300.jpg 300w, https:\/\/rauschert.com\/wp-content\/uploads\/2018\/11\/02-150x150.jpg 150w, https:\/\/rauschert.com\/wp-content\/uploads\/2018\/11\/02-768x768.jpg 768w, https:\/\/rauschert.com\/wp-content\/uploads\/2018\/11\/02-1024x1024.jpg 1024w, https:\/\/rauschert.com\/wp-content\/uploads\/2018\/11\/02-600x600.jpg 600w, https:\/\/rauschert.com\/wp-content\/uploads\/2018\/11\/02-992x992.jpg 992w, https:\/\/rauschert.com\/wp-content\/uploads\/2018\/11\/02-1200x1200.jpg 1200w\" sizes=\"(max-width: 300px) 100vw, 300px\" \/><\/strong><\/p>\n<\/div>\n<div class=\"col s12 m8\">\n<p><strong>&#8230; household appliances<br \/>\n<\/strong>\u2022 thermostat casings<br \/>\n\u2022 switches<br \/>\n\u2022 sockets<br \/>\n\u2022 connecting parts<\/p>\n<p><strong>&#8230; electrical heating (electrical heating technology)<br \/>\n<\/strong>\u2022 perforated strips<br \/>\n\u2022 heating element supports<\/p>\n<p>&nbsp;<\/p>\n<\/div>\n<\/div>\n<h3>Materials<\/h3>\n<div class=\"accordion-inner panel-body\">\n<p class=\"rl_sliders-title nn_sliders-title\">We offer a great range of materials. For example:<\/p>\n<\/div>\n<ul>\n<li style=\"list-style-type: none;\">\n<ul>\n<li style=\"list-style-type: none;\">\n<ul>\n<li>Aluminium oxide<\/li>\n<li>Magnesium oxide<\/li>\n<li>Mullite<\/li>\n<li>Steatite<\/li>\n<li>Cordierite<\/li>\n<li>Porcelain<\/li>\n<\/ul>\n<\/li>\n<\/ul>\n<\/li>\n<\/ul>\n<p><div class=\"col s12 m8\"><br \/>\n<span class=\"tlid-translation translation\" lang=\"en\"><span title=\"\">In addition, <\/span><\/span><span class=\"tlid-translation translation\" lang=\"en\"><span title=\"\">our own material development allows us to d<\/span><\/span><span class=\"tlid-translation translation\" lang=\"en\"><span title=\"\">evelop<strong> special materials<\/strong> for customer applications.<\/span><\/span><\/p>\n<p><span class=\"\" title=\"\">The combination of several materials in the context of <strong>hybrid components<\/strong> or material composites are also part of our services.<\/span><\/p>\n<p><span class=\"\" title=\"\">The<strong> in-house design office<\/strong> and <strong>toolmaking<\/strong> also allow us a high degree of flexibility, which benefits our customers.<\/span><\/p>\n<p><\/div><br \/>\n<div class=\"col s12 m8\"><\/p>\n<p><span class=\"tlid-translation translation\" lang=\"en\" tabindex=\"-1\"><span class=\"\" title=\"\">We offer all common forming processes. Depending on the desired geometry and material properties<\/span><\/span><span class=\"tlid-translation translation\" lang=\"en\" tabindex=\"-1\"><span class=\"\" title=\"\"> we can find the right solution for you <\/span><\/span><\/p>\n<ul>\n<li style=\"list-style-type: none;\">\n<ul>\n<li style=\"list-style-type: none;\">\n<ul>\n<li>dry pressing<\/li>\n<li>wet pressing<\/li>\n<li>isostatic pressing<\/li>\n<li>extrusion<\/li>\n<li>injection moulding<\/li>\n<li>casting<\/li>\n<li>ceramic coating<\/li>\n<\/ul>\n<\/li>\n<\/ul>\n<\/li>\n<\/ul>\n<p><\/div><\/p>\n","protected":false},"excerpt":{"rendered":"<p>Well insulated at any time Programme Our programme comprises components for&#8230; Materials We offer a great range of materials. For example: Aluminium oxide Magnesium oxide Mullite Steatite Cordierite Porcelain<\/p>\n","protected":false},"author":4,"featured_media":0,"parent":297,"menu_order":5,"comment_status":"closed","ping_status":"closed","template":"template-product.php","meta":{"footnotes":""},"class_list":["post-4305","page","type-page","status-publish","hentry"],"acf":[],"yoast_head":"<!-- This site is optimized with the Yoast SEO plugin v23.4 - https:\/\/yoast.com\/wordpress\/plugins\/seo\/ -->\n<title>Electrical engineering - Rauschert Keramik elektrotechnik<\/title>\n<meta name=\"description\" content=\"Mit Rauschert sind Sie immer gut isoliert. Wir bieten hochtemperaturbest\u00e4ndige Materialien f\u00fcr die elektrische Isolation, angepasst an Ihre Bed\u00fcrfnisse!\" \/>\n<meta name=\"robots\" content=\"index, follow, max-snippet:-1, max-image-preview:large, max-video-preview:-1\" \/>\n<link rel=\"canonical\" href=\"https:\/\/rauschert.com\/en\/product-area\/technical-ceramics\/products\/electrical-engineering\/\" \/>\n<meta property=\"og:locale\" content=\"en_US\" \/>\n<meta property=\"og:type\" content=\"article\" \/>\n<meta property=\"og:title\" content=\"Electrical engineering - Rauschert Keramik elektrotechnik\" \/>\n<meta property=\"og:description\" content=\"Mit Rauschert sind Sie immer gut isoliert. Wir bieten hochtemperaturbest\u00e4ndige Materialien f\u00fcr die elektrische Isolation, angepasst an Ihre Bed\u00fcrfnisse!\" \/>\n<meta property=\"og:url\" content=\"https:\/\/rauschert.com\/en\/product-area\/technical-ceramics\/products\/electrical-engineering\/\" \/>\n<meta property=\"og:site_name\" content=\"Rauschert\" \/>\n<meta property=\"article:modified_time\" content=\"2021-01-08T09:34:14+00:00\" \/>\n<meta property=\"og:image\" content=\"https:\/\/rauschert.com\/wp-content\/uploads\/2018\/11\/02-300x300.jpg\" \/>\n<meta name=\"twitter:card\" content=\"summary_large_image\" \/>\n<meta name=\"twitter:label1\" content=\"Est. reading time\" \/>\n\t<meta name=\"twitter:data1\" content=\"1 minute\" \/>\n<script type=\"application\/ld+json\" class=\"yoast-schema-graph\">{\"@context\":\"https:\/\/schema.org\",\"@graph\":[{\"@type\":\"WebPage\",\"@id\":\"https:\/\/rauschert.com\/en\/product-area\/technical-ceramics\/products\/electrical-engineering\/\",\"url\":\"https:\/\/rauschert.com\/en\/product-area\/technical-ceramics\/products\/electrical-engineering\/\",\"name\":\"Electrical engineering - Rauschert Keramik elektrotechnik\",\"isPartOf\":{\"@id\":\"https:\/\/rauschert.com\/en\/#website\"},\"primaryImageOfPage\":{\"@id\":\"https:\/\/rauschert.com\/en\/product-area\/technical-ceramics\/products\/electrical-engineering\/#primaryimage\"},\"image\":{\"@id\":\"https:\/\/rauschert.com\/en\/product-area\/technical-ceramics\/products\/electrical-engineering\/#primaryimage\"},\"thumbnailUrl\":\"https:\/\/rauschert.com\/wp-content\/uploads\/2018\/11\/02-300x300.jpg\",\"datePublished\":\"2019-07-19T13:52:41+00:00\",\"dateModified\":\"2021-01-08T09:34:14+00:00\",\"description\":\"Mit Rauschert sind Sie immer gut isoliert. Wir bieten hochtemperaturbest\u00e4ndige Materialien f\u00fcr die elektrische Isolation, angepasst an Ihre Bed\u00fcrfnisse!\",\"breadcrumb\":{\"@id\":\"https:\/\/rauschert.com\/en\/product-area\/technical-ceramics\/products\/electrical-engineering\/#breadcrumb\"},\"inLanguage\":\"en-US\",\"potentialAction\":[{\"@type\":\"ReadAction\",\"target\":[\"https:\/\/rauschert.com\/en\/product-area\/technical-ceramics\/products\/electrical-engineering\/\"]}]},{\"@type\":\"ImageObject\",\"inLanguage\":\"en-US\",\"@id\":\"https:\/\/rauschert.com\/en\/product-area\/technical-ceramics\/products\/electrical-engineering\/#primaryimage\",\"url\":\"https:\/\/rauschert.com\/wp-content\/uploads\/2018\/11\/02-300x300.jpg\",\"contentUrl\":\"https:\/\/rauschert.com\/wp-content\/uploads\/2018\/11\/02-300x300.jpg\"},{\"@type\":\"BreadcrumbList\",\"@id\":\"https:\/\/rauschert.com\/en\/product-area\/technical-ceramics\/products\/electrical-engineering\/#breadcrumb\",\"itemListElement\":[{\"@type\":\"ListItem\",\"position\":1,\"name\":\"Home\",\"item\":\"https:\/\/rauschert.com\/en\/\"},{\"@type\":\"ListItem\",\"position\":2,\"name\":\"Product area\",\"item\":\"https:\/\/rauschert.com\/en\/product-area\/\"},{\"@type\":\"ListItem\",\"position\":3,\"name\":\"Technical Ceramics\",\"item\":\"https:\/\/rauschert.com\/en\/product-area\/technical-ceramics\/\"},{\"@type\":\"ListItem\",\"position\":4,\"name\":\"Products\",\"item\":\"https:\/\/rauschert.com\/en\/product-area\/technical-ceramics\/products\/\"},{\"@type\":\"ListItem\",\"position\":5,\"name\":\"Electrical engineering\"}]},{\"@type\":\"WebSite\",\"@id\":\"https:\/\/rauschert.com\/en\/#website\",\"url\":\"https:\/\/rauschert.com\/en\/\",\"name\":\"Rauschert\",\"description\":\"\",\"potentialAction\":[{\"@type\":\"SearchAction\",\"target\":{\"@type\":\"EntryPoint\",\"urlTemplate\":\"https:\/\/rauschert.com\/en\/?s={search_term_string}\"},\"query-input\":{\"@type\":\"PropertyValueSpecification\",\"valueRequired\":true,\"valueName\":\"search_term_string\"}}],\"inLanguage\":\"en-US\"}]}<\/script>\n<!-- \/ Yoast SEO plugin. -->","yoast_head_json":{"title":"Electrical engineering - Rauschert Keramik elektrotechnik","description":"Mit Rauschert sind Sie immer gut isoliert. Wir bieten hochtemperaturbest\u00e4ndige Materialien f\u00fcr die elektrische Isolation, angepasst an Ihre Bed\u00fcrfnisse!","robots":{"index":"index","follow":"follow","max-snippet":"max-snippet:-1","max-image-preview":"max-image-preview:large","max-video-preview":"max-video-preview:-1"},"canonical":"https:\/\/rauschert.com\/en\/product-area\/technical-ceramics\/products\/electrical-engineering\/","og_locale":"en_US","og_type":"article","og_title":"Electrical engineering - Rauschert Keramik elektrotechnik","og_description":"Mit Rauschert sind Sie immer gut isoliert. Wir bieten hochtemperaturbest\u00e4ndige Materialien f\u00fcr die elektrische Isolation, angepasst an Ihre Bed\u00fcrfnisse!","og_url":"https:\/\/rauschert.com\/en\/product-area\/technical-ceramics\/products\/electrical-engineering\/","og_site_name":"Rauschert","article_modified_time":"2021-01-08T09:34:14+00:00","og_image":[{"url":"https:\/\/rauschert.com\/wp-content\/uploads\/2018\/11\/02-300x300.jpg"}],"twitter_card":"summary_large_image","twitter_misc":{"Est. reading time":"1 minute"},"schema":{"@context":"https:\/\/schema.org","@graph":[{"@type":"WebPage","@id":"https:\/\/rauschert.com\/en\/product-area\/technical-ceramics\/products\/electrical-engineering\/","url":"https:\/\/rauschert.com\/en\/product-area\/technical-ceramics\/products\/electrical-engineering\/","name":"Electrical engineering - Rauschert Keramik elektrotechnik","isPartOf":{"@id":"https:\/\/rauschert.com\/en\/#website"},"primaryImageOfPage":{"@id":"https:\/\/rauschert.com\/en\/product-area\/technical-ceramics\/products\/electrical-engineering\/#primaryimage"},"image":{"@id":"https:\/\/rauschert.com\/en\/product-area\/technical-ceramics\/products\/electrical-engineering\/#primaryimage"},"thumbnailUrl":"https:\/\/rauschert.com\/wp-content\/uploads\/2018\/11\/02-300x300.jpg","datePublished":"2019-07-19T13:52:41+00:00","dateModified":"2021-01-08T09:34:14+00:00","description":"Mit Rauschert sind Sie immer gut isoliert. Wir bieten hochtemperaturbest\u00e4ndige Materialien f\u00fcr die elektrische Isolation, angepasst an Ihre Bed\u00fcrfnisse!","breadcrumb":{"@id":"https:\/\/rauschert.com\/en\/product-area\/technical-ceramics\/products\/electrical-engineering\/#breadcrumb"},"inLanguage":"en-US","potentialAction":[{"@type":"ReadAction","target":["https:\/\/rauschert.com\/en\/product-area\/technical-ceramics\/products\/electrical-engineering\/"]}]},{"@type":"ImageObject","inLanguage":"en-US","@id":"https:\/\/rauschert.com\/en\/product-area\/technical-ceramics\/products\/electrical-engineering\/#primaryimage","url":"https:\/\/rauschert.com\/wp-content\/uploads\/2018\/11\/02-300x300.jpg","contentUrl":"https:\/\/rauschert.com\/wp-content\/uploads\/2018\/11\/02-300x300.jpg"},{"@type":"BreadcrumbList","@id":"https:\/\/rauschert.com\/en\/product-area\/technical-ceramics\/products\/electrical-engineering\/#breadcrumb","itemListElement":[{"@type":"ListItem","position":1,"name":"Home","item":"https:\/\/rauschert.com\/en\/"},{"@type":"ListItem","position":2,"name":"Product area","item":"https:\/\/rauschert.com\/en\/product-area\/"},{"@type":"ListItem","position":3,"name":"Technical Ceramics","item":"https:\/\/rauschert.com\/en\/product-area\/technical-ceramics\/"},{"@type":"ListItem","position":4,"name":"Products","item":"https:\/\/rauschert.com\/en\/product-area\/technical-ceramics\/products\/"},{"@type":"ListItem","position":5,"name":"Electrical engineering"}]},{"@type":"WebSite","@id":"https:\/\/rauschert.com\/en\/#website","url":"https:\/\/rauschert.com\/en\/","name":"Rauschert","description":"","potentialAction":[{"@type":"SearchAction","target":{"@type":"EntryPoint","urlTemplate":"https:\/\/rauschert.com\/en\/?s={search_term_string}"},"query-input":{"@type":"PropertyValueSpecification","valueRequired":true,"valueName":"search_term_string"}}],"inLanguage":"en-US"}]}},"publishpress_future_action":{"enabled":false,"date":"2026-04-30 20:26:45","action":"change-status","newStatus":"draft","terms":[],"taxonomy":"translation_priority"},"_links":{"self":[{"href":"https:\/\/rauschert.com\/en\/wp-json\/wp\/v2\/pages\/4305"}],"collection":[{"href":"https:\/\/rauschert.com\/en\/wp-json\/wp\/v2\/pages"}],"about":[{"href":"https:\/\/rauschert.com\/en\/wp-json\/wp\/v2\/types\/page"}],"author":[{"embeddable":true,"href":"https:\/\/rauschert.com\/en\/wp-json\/wp\/v2\/users\/4"}],"replies":[{"embeddable":true,"href":"https:\/\/rauschert.com\/en\/wp-json\/wp\/v2\/comments?post=4305"}],"version-history":[{"count":9,"href":"https:\/\/rauschert.com\/en\/wp-json\/wp\/v2\/pages\/4305\/revisions"}],"predecessor-version":[{"id":9822,"href":"https:\/\/rauschert.com\/en\/wp-json\/wp\/v2\/pages\/4305\/revisions\/9822"}],"up":[{"embeddable":true,"href":"https:\/\/rauschert.com\/en\/wp-json\/wp\/v2\/pages\/297"}],"wp:attachment":[{"href":"https:\/\/rauschert.com\/en\/wp-json\/wp\/v2\/media?parent=4305"}],"curies":[{"name":"wp","href":"https:\/\/api.w.org\/{rel}","templated":true}]}}